{"id":5800,"date":"2018-08-03T11:01:52","date_gmt":"2018-08-03T11:01:52","guid":{"rendered":"https:\/\/ld-wp73.template-help.com\/monstroid2\/v3\/default\/?page_id=5800"},"modified":"2026-01-30T22:47:40","modified_gmt":"2026-01-30T21:47:40","slug":"unete","status":"publish","type":"page","link":"https:\/\/retailtechconnect.com\/en\/unete\/","title":{"rendered":"Join"},"content":{"rendered":"\t\t<div data-elementor-type=\"wp-post\" data-elementor-id=\"5800\" class=\"elementor elementor-5800\" data-elementor-post-type=\"page\">\n\t\t\t\t\t\t<section class=\"elementor-section elementor-top-section elementor-element elementor-element-1a58 elementor-section-boxed elementor-section-height-default elementor-section-height-default\" data-id=\"1a58\" data-element_type=\"section\" data-e-type=\"section\" data-settings=\"{&quot;jet_parallax_layout_list&quot;:[{&quot;jet_parallax_layout_image&quot;:{&quot;url&quot;:&quot;&quot;,&quot;id&quot;:&quot;&quot;,&quot;size&quot;:&quot;&quot;},&quot;_id&quot;:&quot;e5961ab&quot;,&quot;jet_parallax_layout_speed&quot;:{&quot;unit&quot;:&quot;%&quot;,&quot;size&quot;:50,&quot;sizes&quot;:[]},&quot;jet_parallax_layout_image_tablet&quot;:{&quot;url&quot;:&quot;&quot;,&quot;id&quot;:&quot;&quot;,&quot;size&quot;:&quot;&quot;},&quot;jet_parallax_layout_image_mobile&quot;:{&quot;url&quot;:&quot;&quot;,&quot;id&quot;:&quot;&quot;,&quot;size&quot;:&quot;&quot;},&quot;jet_parallax_layout_type&quot;:&quot;scroll&quot;,&quot;jet_parallax_layout_direction&quot;:&quot;1&quot;,&quot;jet_parallax_layout_fx_direction&quot;:null,&quot;jet_parallax_layout_z_index&quot;:&quot;&quot;,&quot;jet_parallax_layout_bg_x&quot;:50,&quot;jet_parallax_layout_bg_x_tablet&quot;:&quot;&quot;,&quot;jet_parallax_layout_bg_x_mobile&quot;:&quot;&quot;,&quot;jet_parallax_layout_bg_y&quot;:50,&quot;jet_parallax_layout_bg_y_tablet&quot;:&quot;&quot;,&quot;jet_parallax_layout_bg_y_mobile&quot;:&quot;&quot;,&quot;jet_parallax_layout_bg_size&quot;:&quot;auto&quot;,&quot;jet_parallax_layout_bg_size_tablet&quot;:&quot;&quot;,&quot;jet_parallax_layout_bg_size_mobile&quot;:&quot;&quot;,&quot;jet_parallax_layout_animation_prop&quot;:&quot;transform&quot;,&quot;jet_parallax_layout_on&quot;:[&quot;desktop&quot;,&quot;tablet&quot;]}],&quot;background_background&quot;:&quot;classic&quot;}\">\n\t\t\t\t\t\t<div class=\"elementor-container elementor-column-gap-default\">\n\t\t\t\t\t<div class=\"elementor-column elementor-col-100 elementor-top-column elementor-element elementor-element-4d50099\" data-id=\"4d50099\" data-element_type=\"column\" data-e-type=\"column\">\n\t\t\t<div class=\"elementor-widget-wrap elementor-element-populated\">\n\t\t\t\t\t\t<div class=\"elementor-element elementor-element-c3519fe elementor-widget elementor-widget-heading\" data-id=\"c3519fe\" data-element_type=\"widget\" data-e-type=\"widget\" data-widget_type=\"heading.default\">\n\t\t\t\t\t<h1 class=\"elementor-heading-title elementor-size-default\">\u00danete<\/h1>\t\t\t\t<\/div>\n\t\t\t\t<div class=\"elementor-element elementor-element-46fa855 elementor-widget elementor-widget-text-editor\" data-id=\"46fa855\" data-element_type=\"widget\" data-e-type=\"widget\" data-widget_type=\"text-editor.default\">\n\t\t\t\t\t\t\t\t\t<p style=\"text-align: left;\" data-start=\"281\" data-end=\"304\">Nos gusta conocer gente.<\/p><p data-start=\"306\" data-end=\"456\">Si has llegado hasta aqu\u00ed, probablemente compartimos algo: La idea de que el retail se construye mejor <span style=\"color: #7629f2;\"><strong data-start=\"411\" data-end=\"455\">cuando las conversaciones tienen sentido<\/strong>.<\/span><\/p><p data-start=\"1447\" data-end=\"1466\">La tecnolog\u00eda debe facilitar el trabajo en tienda, mejorar la toma de decisiones, reducir fricci\u00f3n y liberar tiempo para lo importante.<\/p><p data-start=\"458\" data-end=\"615\">En RetailTechConnect no creemos en formularios fr\u00edos ni en registros autom\u00e1ticos.<br data-start=\"539\" data-end=\"542\" \/>Preferimos conocer a las personas y a las empresas.<\/p><p data-start=\"617\" data-end=\"696\">Por eso este espacio no es para \u201capuntarse\u201d, sino para <span style=\"color: #7629f2;\"><strong data-start=\"672\" data-end=\"695\">empezar a conversar<\/strong><\/span>.<\/p>\t\t\t\t\t\t\t\t<\/div>\n\t\t\t\t\t<\/div>\n\t\t<\/div>\n\t\t\t\t\t<\/div>\n\t\t<\/section>\n\t\t\t\t<section class=\"elementor-section elementor-top-section elementor-element elementor-element-7a84ea8 elementor-section-boxed elementor-section-height-default elementor-section-height-default\" data-id=\"7a84ea8\" data-element_type=\"section\" data-e-type=\"section\" data-settings=\"{&quot;jet_parallax_layout_list&quot;:[{&quot;jet_parallax_layout_image&quot;:{&quot;url&quot;:&quot;&quot;,&quot;id&quot;:&quot;&quot;,&quot;size&quot;:&quot;&quot;},&quot;_id&quot;:&quot;e5961ab&quot;,&quot;jet_parallax_layout_speed&quot;:{&quot;unit&quot;:&quot;%&quot;,&quot;size&quot;:50,&quot;sizes&quot;:[]},&quot;jet_parallax_layout_image_tablet&quot;:{&quot;url&quot;:&quot;&quot;,&quot;id&quot;:&quot;&quot;,&quot;size&quot;:&quot;&quot;},&quot;jet_parallax_layout_image_mobile&quot;:{&quot;url&quot;:&quot;&quot;,&quot;id&quot;:&quot;&quot;,&quot;size&quot;:&quot;&quot;},&quot;jet_parallax_layout_type&quot;:&quot;scroll&quot;,&quot;jet_parallax_layout_direction&quot;:&quot;1&quot;,&quot;jet_parallax_layout_fx_direction&quot;:null,&quot;jet_parallax_layout_z_index&quot;:&quot;&quot;,&quot;jet_parallax_layout_bg_x&quot;:50,&quot;jet_parallax_layout_bg_x_tablet&quot;:&quot;&quot;,&quot;jet_parallax_layout_bg_x_mobile&quot;:&quot;&quot;,&quot;jet_parallax_layout_bg_y&quot;:50,&quot;jet_parallax_layout_bg_y_tablet&quot;:&quot;&quot;,&quot;jet_parallax_layout_bg_y_mobile&quot;:&quot;&quot;,&quot;jet_parallax_layout_bg_size&quot;:&quot;auto&quot;,&quot;jet_parallax_layout_bg_size_tablet&quot;:&quot;&quot;,&quot;jet_parallax_layout_bg_size_mobile&quot;:&quot;&quot;,&quot;jet_parallax_layout_animation_prop&quot;:&quot;transform&quot;,&quot;jet_parallax_layout_on&quot;:[&quot;desktop&quot;,&quot;tablet&quot;]}],&quot;background_background&quot;:&quot;gradient&quot;}\">\n\t\t\t\t\t\t<div class=\"elementor-container elementor-column-gap-default\">\n\t\t\t\t\t<div class=\"elementor-column elementor-col-50 elementor-top-column elementor-element elementor-element-a9d7836\" data-id=\"a9d7836\" data-element_type=\"column\" data-e-type=\"column\">\n\t\t\t<div class=\"elementor-widget-wrap elementor-element-populated\">\n\t\t\t\t\t\t<div class=\"elementor-element elementor-element-6ce516a elementor-widget elementor-widget-image\" data-id=\"6ce516a\" data-element_type=\"widget\" data-e-type=\"widget\" data-widget_type=\"image.default\">\n\t\t\t\t\t\t\t\t\t\t\t\t\t\t\t<img fetchpriority=\"high\" decoding=\"async\" width=\"370\" height=\"258\" src=\"https:\/\/retailtechconnect.com\/wp-content\/uploads\/2018\/07\/services-v1-3-1.jpg\" class=\"attachment-large size-large wp-image-3352\" alt=\"image\" srcset=\"https:\/\/retailtechconnect.com\/wp-content\/uploads\/2018\/07\/services-v1-3-1.jpg 370w, https:\/\/retailtechconnect.com\/wp-content\/uploads\/2018\/07\/services-v1-3-1-300x209.jpg 300w\" sizes=\"(max-width: 370px) 100vw, 370px\" \/>\t\t\t\t\t\t\t\t\t\t\t\t\t\t\t<\/div>\n\t\t\t\t\t<\/div>\n\t\t<\/div>\n\t\t\t\t<div class=\"elementor-column elementor-col-50 elementor-top-column elementor-element elementor-element-f5e9254\" data-id=\"f5e9254\" data-element_type=\"column\" data-e-type=\"column\">\n\t\t\t<div class=\"elementor-widget-wrap elementor-element-populated\">\n\t\t\t\t\t\t<div class=\"elementor-element elementor-element-08a158c elementor-widget elementor-widget-text-editor\" data-id=\"08a158c\" data-element_type=\"widget\" data-e-type=\"widget\" data-widget_type=\"text-editor.default\">\n\t\t\t\t\t\t\t\t\t<h3 data-start=\"703\" data-end=\"727\"><span style=\"color: #7629f2;\">\u00bfQui\u00e9n puede unirse?<\/span><\/h3><ul data-start=\"729\" data-end=\"1002\"><li data-start=\"729\" data-end=\"863\"><p data-start=\"731\" data-end=\"863\"><span style=\"color: #7629f2;\"><strong data-start=\"731\" data-end=\"744\">Retailers y comercio local,<\/strong>\u00a0<\/span>que quieren compartir su experiencia, reflexionar sobre sus retos, participar en un ecosistema para aprender de los retos del nuevo entorno digital.<\/p><\/li><li data-start=\"864\" data-end=\"1002\"><p data-start=\"866\" data-end=\"1002\"><span style=\"color: #7629f2;\"><strong data-start=\"866\" data-end=\"891\">Empresas de servicios<\/strong><\/span> que creen en relaciones a largo plazo, en el contexto antes que en la venta y en aportar valor real al retail.<\/p><\/li><\/ul><p data-start=\"1004\" data-end=\"1053\">Si te reconoces en esto, probablemente encajemos.<\/p><hr data-start=\"1055\" data-end=\"1058\" \/><h3 data-start=\"1060\" data-end=\"1108\"><span style=\"color: #7629f2;\">\u00bfQu\u00e9 ocurre despu\u00e9s de enviar el formulario?<\/span><\/h3><p data-start=\"1110\" data-end=\"1154\">Nada autom\u00e1tico.<br data-start=\"1126\" data-end=\"1129\" \/>Nada de emails gen\u00e9ricos.<\/p><p data-start=\"1156\" data-end=\"1270\">Leemos lo que nos cuentes, entendemos tu contexto y te contactamos para <strong data-start=\"1247\" data-end=\"1269\">seguir conversando<\/strong>.<\/p><p data-start=\"1272\" data-end=\"1340\">Porque aqu\u00ed no se trata de entrar r\u00e1pido, sino de <strong data-start=\"1324\" data-end=\"1339\">entrar bien<\/strong>.<\/p><hr data-start=\"1342\" data-end=\"1345\" \/><p data-start=\"1512\" data-end=\"1619\">\u00a0<\/p>\t\t\t\t\t\t\t\t<\/div>\n\t\t\t\t\t<\/div>\n\t\t<\/div>\n\t\t\t\t\t<\/div>\n\t\t<\/section>\n\t\t<div class=\"elementor-element elementor-element-6117b5b e-flex e-con-boxed e-con e-parent\" data-id=\"6117b5b\" data-element_type=\"container\" data-e-type=\"container\" data-settings=\"{&quot;jet_parallax_layout_list&quot;:[]}\">\n\t\t\t\t\t<div class=\"e-con-inner\">\n\t\t\t\t<div class=\"elementor-element elementor-element-b5f7543 elementor-widget elementor-widget-heading\" data-id=\"b5f7543\" data-element_type=\"widget\" data-e-type=\"widget\" data-widget_type=\"heading.default\">\n\t\t\t\t\t<h2 class=\"elementor-heading-title elementor-size-default\">Formularios de Contacto<\/h2>\t\t\t\t<\/div>\n\t\t\t\t\t<\/div>\n\t\t\t\t<\/div>\n\t\t<div class=\"elementor-element elementor-element-43d5cad e-grid e-con-boxed e-con e-parent\" data-id=\"43d5cad\" data-element_type=\"container\" data-e-type=\"container\" data-settings=\"{&quot;jet_parallax_layout_list&quot;:[]}\">\n\t\t\t\t\t<div class=\"e-con-inner\">\n\t\t\t\t<div class=\"elementor-element elementor-element-7df70ec elementor-widget elementor-widget-button\" data-id=\"7df70ec\" data-element_type=\"widget\" data-e-type=\"widget\" data-widget_type=\"button.default\">\n\t\t\t\t\t\t\t\t\t\t<a class=\"elementor-button elementor-button-link elementor-size-sm\" href=\"https:\/\/retailtechconnect.com\/retailers#formulario-retailers\">\n\t\t\t\t\t\t<span class=\"elementor-button-content-wrapper\">\n\t\t\t\t\t\t\t\t\t<span class=\"elementor-button-text\">Retailers\/Comercio Local<\/span>\n\t\t\t\t\t<\/span>\n\t\t\t\t\t<\/a>\n\t\t\t\t\t\t\t\t<\/div>\n\t\t\t\t<div class=\"elementor-element elementor-element-55837a4 elementor-align-left elementor-widget elementor-widget-button\" data-id=\"55837a4\" data-element_type=\"widget\" data-e-type=\"widget\" data-widget_type=\"button.default\">\n\t\t\t\t\t\t\t\t\t\t<a class=\"elementor-button elementor-button-link elementor-size-sm\" href=\"https:\/\/retailtechconnect.com\/empresas-de-servicios#formulario-empresas\">\n\t\t\t\t\t\t<span class=\"elementor-button-content-wrapper\">\n\t\t\t\t\t\t\t\t\t<span class=\"elementor-button-text\">Empresas de Servicios<\/span>\n\t\t\t\t\t<\/span>\n\t\t\t\t\t<\/a>\n\t\t\t\t\t\t\t\t<\/div>\n\t\t\t\t\t<\/div>\n\t\t\t\t<\/div>\n\t\t\t\t<\/div>\n\t\t","protected":false},"excerpt":{"rendered":"<p>\u00danete Nos gusta conocer gente. Si has llegado hasta aqu\u00ed, probablemente compartimos algo: La idea de que el retail se construye mejor cuando las conversaciones tienen sentido. La tecnolog\u00eda debe facilitar el trabajo en tienda, mejorar la toma de decisiones, reducir fricci\u00f3n y liberar tiempo para lo importante. En RetailTechConnect no creemos en formularios fr\u00edos [&hellip;]<\/p>\n","protected":false},"author":1,"featured_media":0,"parent":0,"menu_order":7,"comment_status":"closed","ping_status":"closed","template":"page-templates\/fullwidth-content.php","meta":{"footnotes":""},"class_list":["post-5800","page","type-page","status-publish","hentry"],"yoast_head":"<!-- This site is optimized with the Yoast SEO plugin v27.2 - https:\/\/yoast.com\/product\/yoast-seo-wordpress\/ -->\n<title>\u00danete - RetailTechConnect<\/title>\n<meta name=\"robots\" content=\"index, follow, max-snippet:-1, max-image-preview:large, max-video-preview:-1\" \/>\n<link rel=\"canonical\" href=\"https:\/\/retailtechconnect.com\/en\/unete\/\" \/>\n<meta property=\"og:locale\" content=\"en_GB\" \/>\n<meta property=\"og:type\" content=\"article\" \/>\n<meta property=\"og:title\" content=\"\u00danete - RetailTechConnect\" \/>\n<meta property=\"og:description\" content=\"\u00danete Nos gusta conocer gente. Si has llegado hasta aqu\u00ed, probablemente compartimos algo: La idea de que el retail se construye mejor cuando las conversaciones tienen sentido. La tecnolog\u00eda debe facilitar el trabajo en tienda, mejorar la toma de decisiones, reducir fricci\u00f3n y liberar tiempo para lo importante. En RetailTechConnect no creemos en formularios fr\u00edos [&hellip;]\" \/>\n<meta property=\"og:url\" content=\"https:\/\/retailtechconnect.com\/en\/unete\/\" \/>\n<meta property=\"og:site_name\" content=\"RetailTechConnect\" \/>\n<meta property=\"article:modified_time\" content=\"2026-01-30T21:47:40+00:00\" \/>\n<meta property=\"og:image\" content=\"https:\/\/retailtechconnect.com\/wp-content\/uploads\/2018\/07\/services-v1-3-1.jpg\" \/>\n\t<meta property=\"og:image:width\" content=\"370\" \/>\n\t<meta property=\"og:image:height\" content=\"258\" \/>\n\t<meta property=\"og:image:type\" content=\"image\/jpeg\" \/>\n<meta name=\"twitter:card\" content=\"summary_large_image\" \/>\n<meta name=\"twitter:label1\" content=\"Estimated reading time\" \/>\n\t<meta name=\"twitter:data1\" content=\"1 minute\" \/>\n<script type=\"application\/ld+json\" class=\"yoast-schema-graph\">{\"@context\":\"https:\/\/schema.org\",\"@graph\":[{\"@type\":\"WebPage\",\"@id\":\"https:\/\/retailtechconnect.com\/unete\/\",\"url\":\"https:\/\/retailtechconnect.com\/unete\/\",\"name\":\"\u00danete - RetailTechConnect\",\"isPartOf\":{\"@id\":\"https:\/\/retailtechconnect.com\/#website\"},\"primaryImageOfPage\":{\"@id\":\"https:\/\/retailtechconnect.com\/unete\/#primaryimage\"},\"image\":{\"@id\":\"https:\/\/retailtechconnect.com\/unete\/#primaryimage\"},\"thumbnailUrl\":\"https:\/\/retailtechconnect.com\/wp-content\/uploads\/2018\/07\/services-v1-3-1.jpg\",\"datePublished\":\"2018-08-03T11:01:52+00:00\",\"dateModified\":\"2026-01-30T21:47:40+00:00\",\"breadcrumb\":{\"@id\":\"https:\/\/retailtechconnect.com\/unete\/#breadcrumb\"},\"inLanguage\":\"en-GB\",\"potentialAction\":[{\"@type\":\"ReadAction\",\"target\":[\"https:\/\/retailtechconnect.com\/unete\/\"]}]},{\"@type\":\"ImageObject\",\"inLanguage\":\"en-GB\",\"@id\":\"https:\/\/retailtechconnect.com\/unete\/#primaryimage\",\"url\":\"https:\/\/retailtechconnect.com\/wp-content\/uploads\/2018\/07\/services-v1-3-1.jpg\",\"contentUrl\":\"https:\/\/retailtechconnect.com\/wp-content\/uploads\/2018\/07\/services-v1-3-1.jpg\"},{\"@type\":\"BreadcrumbList\",\"@id\":\"https:\/\/retailtechconnect.com\/unete\/#breadcrumb\",\"itemListElement\":[{\"@type\":\"ListItem\",\"position\":1,\"name\":\"Portada\",\"item\":\"https:\/\/retailtechconnect.com\/\"},{\"@type\":\"ListItem\",\"position\":2,\"name\":\"\u00danete\"}]},{\"@type\":\"WebSite\",\"@id\":\"https:\/\/retailtechconnect.com\/#website\",\"url\":\"https:\/\/retailtechconnect.com\/\",\"name\":\"RetailTechConnect\",\"description\":\"Un espacio para retailers y comercios que quieran avanzar en la era digital\",\"publisher\":{\"@id\":\"https:\/\/retailtechconnect.com\/#organization\"},\"potentialAction\":[{\"@type\":\"SearchAction\",\"target\":{\"@type\":\"EntryPoint\",\"urlTemplate\":\"https:\/\/retailtechconnect.com\/?s={search_term_string}\"},\"query-input\":{\"@type\":\"PropertyValueSpecification\",\"valueRequired\":true,\"valueName\":\"search_term_string\"}}],\"inLanguage\":\"en-GB\"},{\"@type\":\"Organization\",\"@id\":\"https:\/\/retailtechconnect.com\/#organization\",\"name\":\"RetailTechConnect\",\"url\":\"https:\/\/retailtechconnect.com\/\",\"logo\":{\"@type\":\"ImageObject\",\"inLanguage\":\"en-GB\",\"@id\":\"https:\/\/retailtechconnect.com\/#\/schema\/logo\/image\/\",\"url\":\"https:\/\/retailtechconnect.com\/wp-content\/uploads\/2026\/01\/WhatsApp-Image-2025-12-22-at-11.37.39-2.jpeg\",\"contentUrl\":\"https:\/\/retailtechconnect.com\/wp-content\/uploads\/2026\/01\/WhatsApp-Image-2025-12-22-at-11.37.39-2.jpeg\",\"width\":1320,\"height\":616,\"caption\":\"RetailTechConnect\"},\"image\":{\"@id\":\"https:\/\/retailtechconnect.com\/#\/schema\/logo\/image\/\"}}]}<\/script>\n<!-- \/ Yoast SEO plugin. -->","yoast_head_json":{"title":"\u00danete - RetailTechConnect","robots":{"index":"index","follow":"follow","max-snippet":"max-snippet:-1","max-image-preview":"max-image-preview:large","max-video-preview":"max-video-preview:-1"},"canonical":"https:\/\/retailtechconnect.com\/en\/unete\/","og_locale":"en_GB","og_type":"article","og_title":"\u00danete - RetailTechConnect","og_description":"\u00danete Nos gusta conocer gente. Si has llegado hasta aqu\u00ed, probablemente compartimos algo: La idea de que el retail se construye mejor cuando las conversaciones tienen sentido. La tecnolog\u00eda debe facilitar el trabajo en tienda, mejorar la toma de decisiones, reducir fricci\u00f3n y liberar tiempo para lo importante. En RetailTechConnect no creemos en formularios fr\u00edos [&hellip;]","og_url":"https:\/\/retailtechconnect.com\/en\/unete\/","og_site_name":"RetailTechConnect","article_modified_time":"2026-01-30T21:47:40+00:00","og_image":[{"width":370,"height":258,"url":"https:\/\/retailtechconnect.com\/wp-content\/uploads\/2018\/07\/services-v1-3-1.jpg","type":"image\/jpeg"}],"twitter_card":"summary_large_image","twitter_misc":{"Estimated reading time":"1 minute"},"schema":{"@context":"https:\/\/schema.org","@graph":[{"@type":"WebPage","@id":"https:\/\/retailtechconnect.com\/unete\/","url":"https:\/\/retailtechconnect.com\/unete\/","name":"\u00danete - RetailTechConnect","isPartOf":{"@id":"https:\/\/retailtechconnect.com\/#website"},"primaryImageOfPage":{"@id":"https:\/\/retailtechconnect.com\/unete\/#primaryimage"},"image":{"@id":"https:\/\/retailtechconnect.com\/unete\/#primaryimage"},"thumbnailUrl":"https:\/\/retailtechconnect.com\/wp-content\/uploads\/2018\/07\/services-v1-3-1.jpg","datePublished":"2018-08-03T11:01:52+00:00","dateModified":"2026-01-30T21:47:40+00:00","breadcrumb":{"@id":"https:\/\/retailtechconnect.com\/unete\/#breadcrumb"},"inLanguage":"en-GB","potentialAction":[{"@type":"ReadAction","target":["https:\/\/retailtechconnect.com\/unete\/"]}]},{"@type":"ImageObject","inLanguage":"en-GB","@id":"https:\/\/retailtechconnect.com\/unete\/#primaryimage","url":"https:\/\/retailtechconnect.com\/wp-content\/uploads\/2018\/07\/services-v1-3-1.jpg","contentUrl":"https:\/\/retailtechconnect.com\/wp-content\/uploads\/2018\/07\/services-v1-3-1.jpg"},{"@type":"BreadcrumbList","@id":"https:\/\/retailtechconnect.com\/unete\/#breadcrumb","itemListElement":[{"@type":"ListItem","position":1,"name":"Portada","item":"https:\/\/retailtechconnect.com\/"},{"@type":"ListItem","position":2,"name":"\u00danete"}]},{"@type":"WebSite","@id":"https:\/\/retailtechconnect.com\/#website","url":"https:\/\/retailtechconnect.com\/","name":"RetailTechConnect","description":"A space for retailers and businesses that want to move forward in the digital age.","publisher":{"@id":"https:\/\/retailtechconnect.com\/#organization"},"potentialAction":[{"@type":"SearchAction","target":{"@type":"EntryPoint","urlTemplate":"https:\/\/retailtechconnect.com\/?s={search_term_string}"},"query-input":{"@type":"PropertyValueSpecification","valueRequired":true,"valueName":"search_term_string"}}],"inLanguage":"en-GB"},{"@type":"Organization","@id":"https:\/\/retailtechconnect.com\/#organization","name":"RetailTechConnect","url":"https:\/\/retailtechconnect.com\/","logo":{"@type":"ImageObject","inLanguage":"en-GB","@id":"https:\/\/retailtechconnect.com\/#\/schema\/logo\/image\/","url":"https:\/\/retailtechconnect.com\/wp-content\/uploads\/2026\/01\/WhatsApp-Image-2025-12-22-at-11.37.39-2.jpeg","contentUrl":"https:\/\/retailtechconnect.com\/wp-content\/uploads\/2026\/01\/WhatsApp-Image-2025-12-22-at-11.37.39-2.jpeg","width":1320,"height":616,"caption":"RetailTechConnect"},"image":{"@id":"https:\/\/retailtechconnect.com\/#\/schema\/logo\/image\/"}}]}},"jetpack_sharing_enabled":true,"_links":{"self":[{"href":"https:\/\/retailtechconnect.com\/en\/wp-json\/wp\/v2\/pages\/5800","targetHints":{"allow":["GET"]}}],"collection":[{"href":"https:\/\/retailtechconnect.com\/en\/wp-json\/wp\/v2\/pages"}],"about":[{"href":"https:\/\/retailtechconnect.com\/en\/wp-json\/wp\/v2\/types\/page"}],"author":[{"embeddable":true,"href":"https:\/\/retailtechconnect.com\/en\/wp-json\/wp\/v2\/users\/1"}],"replies":[{"embeddable":true,"href":"https:\/\/retailtechconnect.com\/en\/wp-json\/wp\/v2\/comments?post=5800"}],"version-history":[{"count":31,"href":"https:\/\/retailtechconnect.com\/en\/wp-json\/wp\/v2\/pages\/5800\/revisions"}],"predecessor-version":[{"id":19281,"href":"https:\/\/retailtechconnect.com\/en\/wp-json\/wp\/v2\/pages\/5800\/revisions\/19281"}],"wp:attachment":[{"href":"https:\/\/retailtechconnect.com\/en\/wp-json\/wp\/v2\/media?parent=5800"}],"curies":[{"name":"wp","href":"https:\/\/api.w.org\/{rel}","templated":true}]}}