{"id":5610,"date":"2018-08-02T14:02:08","date_gmt":"2018-08-02T14:02:08","guid":{"rendered":"https:\/\/ld-wp73.template-help.com\/monstroid2\/v3\/default\/?page_id=5610"},"modified":"2026-02-17T10:56:01","modified_gmt":"2026-02-17T09:56:01","slug":"encuentros","status":"publish","type":"page","link":"https:\/\/retailtechconnect.com\/en\/eventos-conexiones\/encuentros\/","title":{"rendered":"Meetings"},"content":{"rendered":"\t\t<div data-elementor-type=\"wp-post\" data-elementor-id=\"5610\" class=\"elementor elementor-5610\" data-elementor-post-type=\"page\">\n\t\t\t\t\t\t<section class=\"elementor-section elementor-top-section elementor-element elementor-element-89b5435 elementor-section-boxed elementor-section-height-default elementor-section-height-default\" data-id=\"89b5435\" data-element_type=\"section\" data-e-type=\"section\" data-settings=\"{&quot;jet_parallax_layout_list&quot;:[{&quot;jet_parallax_layout_image&quot;:{&quot;url&quot;:&quot;&quot;,&quot;id&quot;:&quot;&quot;,&quot;size&quot;:&quot;&quot;},&quot;_id&quot;:&quot;e5961ab&quot;,&quot;jet_parallax_layout_speed&quot;:{&quot;unit&quot;:&quot;%&quot;,&quot;size&quot;:50,&quot;sizes&quot;:[]},&quot;jet_parallax_layout_image_tablet&quot;:{&quot;url&quot;:&quot;&quot;,&quot;id&quot;:&quot;&quot;,&quot;size&quot;:&quot;&quot;},&quot;jet_parallax_layout_image_mobile&quot;:{&quot;url&quot;:&quot;&quot;,&quot;id&quot;:&quot;&quot;,&quot;size&quot;:&quot;&quot;},&quot;jet_parallax_layout_type&quot;:&quot;scroll&quot;,&quot;jet_parallax_layout_direction&quot;:&quot;1&quot;,&quot;jet_parallax_layout_fx_direction&quot;:null,&quot;jet_parallax_layout_z_index&quot;:&quot;&quot;,&quot;jet_parallax_layout_bg_x&quot;:50,&quot;jet_parallax_layout_bg_x_tablet&quot;:&quot;&quot;,&quot;jet_parallax_layout_bg_x_mobile&quot;:&quot;&quot;,&quot;jet_parallax_layout_bg_y&quot;:50,&quot;jet_parallax_layout_bg_y_tablet&quot;:&quot;&quot;,&quot;jet_parallax_layout_bg_y_mobile&quot;:&quot;&quot;,&quot;jet_parallax_layout_bg_size&quot;:&quot;auto&quot;,&quot;jet_parallax_layout_bg_size_tablet&quot;:&quot;&quot;,&quot;jet_parallax_layout_bg_size_mobile&quot;:&quot;&quot;,&quot;jet_parallax_layout_animation_prop&quot;:&quot;transform&quot;,&quot;jet_parallax_layout_on&quot;:[&quot;desktop&quot;,&quot;tablet&quot;]}],&quot;background_background&quot;:&quot;gradient&quot;}\">\n\t\t\t\t\t\t<div class=\"elementor-container elementor-column-gap-default\">\n\t\t\t\t\t<div class=\"elementor-column elementor-col-100 elementor-top-column elementor-element elementor-element-1a6fe96\" data-id=\"1a6fe96\" data-element_type=\"column\" data-e-type=\"column\">\n\t\t\t<div class=\"elementor-widget-wrap elementor-element-populated\">\n\t\t\t\t\t\t<div class=\"elementor-element elementor-element-32b0cf4 elementor-widget elementor-widget-heading\" data-id=\"32b0cf4\" data-element_type=\"widget\" data-e-type=\"widget\" data-widget_type=\"heading.default\">\n\t\t\t\t\t<div class=\"elementor-heading-title elementor-size-default\">Encuentros One to One RetailTechConnect<\/div>\t\t\t\t<\/div>\n\t\t\t\t<div class=\"elementor-element elementor-element-ff38c9a elementor-widget elementor-widget-heading\" data-id=\"ff38c9a\" data-element_type=\"widget\" data-e-type=\"widget\" data-widget_type=\"heading.default\">\n\t\t\t\t\t<h1 class=\"elementor-heading-title elementor-size-default\">Retailers<\/h1>\t\t\t\t<\/div>\n\t\t\t\t<div class=\"elementor-element elementor-element-3fa52be elementor-widget elementor-widget-text-editor\" data-id=\"3fa52be\" data-element_type=\"widget\" data-e-type=\"widget\" data-widget_type=\"text-editor.default\">\n\t\t\t\t\t\t\t\t\t<p style=\"text-align: left;\" data-start=\"274\" data-end=\"584\">Los Encuentros One to One de RetailTechConnect son espacios dise\u00f1ados para <span style=\"color: #7629f2;\"><strong data-start=\"349\" data-end=\"375\">conversar con contexto<\/strong><\/span>, sin presi\u00f3n comercial y con criterio. No son reuniones improvisadas ni agendas abiertas: Son conversaciones cuidadas que se activan solo cuando existe una necesidad real y un posible encaje entre las partes.<\/p><p style=\"text-align: left;\" data-start=\"586\" data-end=\"729\">En retail, muchas conversaciones llegan demasiado pronto o demasiado tarde.<br data-start=\"661\" data-end=\"664\" \/>El One to One existe para que lleguen <span style=\"color: #7629f2;\"><strong data-start=\"702\" data-end=\"728\">en el momento adecuado<\/strong><\/span>.<\/p><p style=\"text-align: left;\" data-start=\"731\" data-end=\"788\">Antes de cada encuentro, un experto de RetailTechConnect:<\/p><ul data-start=\"789\" data-end=\"917\"><li data-start=\"789\" data-end=\"826\"><p style=\"text-align: left;\" data-start=\"791\" data-end=\"826\">Entiende el contexto del retailer.<\/p><\/li><li style=\"text-align: left;\" data-start=\"827\" data-end=\"858\"><p data-start=\"829\" data-end=\"858\">Clarifica la necesidad real.<\/p><\/li><li style=\"text-align: left;\" data-start=\"881\" data-end=\"917\"><p data-start=\"883\" data-end=\"917\">Cuida el encaje entre las partes.<\/p><\/li><\/ul><p style=\"text-align: left;\" data-start=\"919\" data-end=\"1064\">Durante el encuentro, RetailTechConnect acompa\u00f1a la conversaci\u00f3n para asegurar foco, respeto y claridad, sin intervenir en la relaci\u00f3n comercial.<\/p><p style=\"text-align: left;\" data-start=\"1066\" data-end=\"1225\">Despu\u00e9s del encuentro, se realiza un <span style=\"color: #7629f2;\"><strong data-start=\"1103\" data-end=\"1118\">seguimiento<\/strong><\/span> para recoger aprendizajes, valorar el encaje y decidir, junto a las partes, si tiene sentido avanzar o no.<\/p><p style=\"text-align: left;\" data-start=\"1227\" data-end=\"1415\">RetailTechConnect no participa en operaciones comerciales ni intermedia en acuerdos. Su papel es <span style=\"color: #7629f2;\"><strong data-start=\"1324\" data-end=\"1363\">acompa\u00f1ar y ordenar la conversaci\u00f3n<\/strong><\/span>, protegiendo el tiempo y la calidad de la relaci\u00f3n.<\/p><p style=\"text-align: left;\" data-start=\"1417\" data-end=\"1583\">Formar parte de la comunidad RetailTechConnect permite <span style=\"color: #7629f2;\"><strong data-start=\"1472\" data-end=\"1516\">acceder a estos espacios de conversaci\u00f3n<\/strong><\/span>, con acompa\u00f1amiento y seguimiento por parte de expertos en retail.<\/p><p style=\"text-align: left;\" data-start=\"1585\" data-end=\"1663\">Porque en retail, <span style=\"color: #7629f2;\"><strong data-start=\"1603\" data-end=\"1635\">no se trata solo de conectar<\/strong>, sino de <strong data-start=\"1645\" data-end=\"1662\">conectar bien<\/strong><\/span>.<\/p><h3 style=\"text-align: center;\" data-start=\"283\" data-end=\"362\"><span style=\"color: #7629f2;\"><strong data-start=\"283\" data-end=\"362\">\u00bfEres retailer y tienes un reto concreto que quieres explorar con criterio?<\/strong><\/span><\/h3><p data-start=\"364\" data-end=\"567\">Forma parte del listado One to One de RetailTechConnect y comparte tu contexto cuando sea el momento adecuado.<br data-start=\"474\" data-end=\"477\" \/>Sin presi\u00f3n comercial, con acompa\u00f1amiento experto y conversaciones que aportan valor real.<\/p><p data-start=\"569\" data-end=\"613\"><span style=\"color: #7629f2;\"><strong data-start=\"572\" data-end=\"613\">Figura en el listado One To One como retailer<\/strong><\/span><\/p>\t\t\t\t\t\t\t\t<\/div>\n\t\t\t\t<div class=\"elementor-element elementor-element-9c6dc87 elementor-button-info elementor-align-center elementor-widget elementor-widget-button\" data-id=\"9c6dc87\" data-element_type=\"widget\" data-e-type=\"widget\" data-widget_type=\"button.default\">\n\t\t\t\t\t\t\t\t\t\t<a class=\"elementor-button elementor-button-link elementor-size-sm\" href=\"https:\/\/retailtechconnect.com\/retailers#formulario-retailers\">\n\t\t\t\t\t\t<span class=\"elementor-button-content-wrapper\">\n\t\t\t\t\t\t\t\t\t<span class=\"elementor-button-text\">Acceso Formulario Retailers<\/span>\n\t\t\t\t\t<\/span>\n\t\t\t\t\t<\/a>\n\t\t\t\t\t\t\t\t<\/div>\n\t\t\t\t\t<\/div>\n\t\t<\/div>\n\t\t\t\t\t<\/div>\n\t\t<\/section>\n\t\t\t\t<section class=\"elementor-section elementor-top-section elementor-element elementor-element-2c58 elementor-section-boxed elementor-section-height-default elementor-section-height-default\" data-id=\"2c58\" data-element_type=\"section\" data-e-type=\"section\" data-settings=\"{&quot;jet_parallax_layout_list&quot;:[{&quot;jet_parallax_layout_image&quot;:{&quot;url&quot;:&quot;&quot;,&quot;id&quot;:&quot;&quot;,&quot;size&quot;:&quot;&quot;},&quot;_id&quot;:&quot;e5961ab&quot;,&quot;jet_parallax_layout_speed&quot;:{&quot;unit&quot;:&quot;%&quot;,&quot;size&quot;:50,&quot;sizes&quot;:[]},&quot;jet_parallax_layout_image_tablet&quot;:{&quot;url&quot;:&quot;&quot;,&quot;id&quot;:&quot;&quot;,&quot;size&quot;:&quot;&quot;},&quot;jet_parallax_layout_image_mobile&quot;:{&quot;url&quot;:&quot;&quot;,&quot;id&quot;:&quot;&quot;,&quot;size&quot;:&quot;&quot;},&quot;jet_parallax_layout_type&quot;:&quot;scroll&quot;,&quot;jet_parallax_layout_direction&quot;:&quot;1&quot;,&quot;jet_parallax_layout_fx_direction&quot;:null,&quot;jet_parallax_layout_z_index&quot;:&quot;&quot;,&quot;jet_parallax_layout_bg_x&quot;:50,&quot;jet_parallax_layout_bg_x_tablet&quot;:&quot;&quot;,&quot;jet_parallax_layout_bg_x_mobile&quot;:&quot;&quot;,&quot;jet_parallax_layout_bg_y&quot;:50,&quot;jet_parallax_layout_bg_y_tablet&quot;:&quot;&quot;,&quot;jet_parallax_layout_bg_y_mobile&quot;:&quot;&quot;,&quot;jet_parallax_layout_bg_size&quot;:&quot;auto&quot;,&quot;jet_parallax_layout_bg_size_tablet&quot;:&quot;&quot;,&quot;jet_parallax_layout_bg_size_mobile&quot;:&quot;&quot;,&quot;jet_parallax_layout_animation_prop&quot;:&quot;transform&quot;,&quot;jet_parallax_layout_on&quot;:[&quot;desktop&quot;,&quot;tablet&quot;]}],&quot;background_background&quot;:&quot;gradient&quot;}\">\n\t\t\t\t\t\t<div class=\"elementor-container elementor-column-gap-default\">\n\t\t\t\t\t<div class=\"elementor-column elementor-col-100 elementor-top-column elementor-element elementor-element-6d3b\" data-id=\"6d3b\" data-element_type=\"column\" data-e-type=\"column\">\n\t\t\t<div class=\"elementor-widget-wrap elementor-element-populated\">\n\t\t\t\t\t\t<div class=\"elementor-element elementor-element-256c elementor-widget elementor-widget-heading\" data-id=\"256c\" data-element_type=\"widget\" data-e-type=\"widget\" data-widget_type=\"heading.default\">\n\t\t\t\t\t<div class=\"elementor-heading-title elementor-size-default\"><br>Encuentros One to One RetailTechConnect<\/div>\t\t\t\t<\/div>\n\t\t\t\t<div class=\"elementor-element elementor-element-735 elementor-widget elementor-widget-heading\" data-id=\"735\" data-element_type=\"widget\" data-e-type=\"widget\" data-widget_type=\"heading.default\">\n\t\t\t\t\t<h1 class=\"elementor-heading-title elementor-size-default\">Empresas de Servicios<\/h1>\t\t\t\t<\/div>\n\t\t\t\t<div class=\"elementor-element elementor-element-67ca elementor-widget elementor-widget-text-editor\" data-id=\"67ca\" data-element_type=\"widget\" data-e-type=\"widget\" data-widget_type=\"text-editor.default\">\n\t\t\t\t\t\t\t\t\t<h3 data-start=\"656\" data-end=\"697\"><span style=\"color: #7629f2;\">\u00a0<strong data-start=\"699\" data-end=\"798\">\u00bfEres una empresa de servicios y crees que tu propuesta encaja con los retos reales del retail?<\/strong><\/span><\/h3><p data-start=\"800\" data-end=\"953\">Forma parte del listado One to One de RetailTechConnect y accede a conversaciones con contexto, acompa\u00f1adas y con seguimiento, cuando exista encaje real.<\/p><p data-start=\"955\" data-end=\"1000\"><span style=\"color: #7629f2;\"><b>Figura en el listado One to One como Empresa de Servicios<\/b><\/span><\/p>\t\t\t\t\t\t\t\t<\/div>\n\t\t\t\t<div class=\"elementor-element elementor-element-79f9c18 elementor-button-info elementor-align-center elementor-widget elementor-widget-button\" data-id=\"79f9c18\" data-element_type=\"widget\" data-e-type=\"widget\" data-widget_type=\"button.default\">\n\t\t\t\t\t\t\t\t\t\t<a class=\"elementor-button elementor-button-link elementor-size-sm\" href=\"https:\/\/retailtechconnect.com\/empresas-de-servicios\/#formulario-empresas\">\n\t\t\t\t\t\t<span class=\"elementor-button-content-wrapper\">\n\t\t\t\t\t\t\t\t\t<span class=\"elementor-button-text\">Acceso Formulario Empresas de Servicios<\/span>\n\t\t\t\t\t<\/span>\n\t\t\t\t\t<\/a>\n\t\t\t\t\t\t\t\t<\/div>\n\t\t\t\t\t<\/div>\n\t\t<\/div>\n\t\t\t\t\t<\/div>\n\t\t<\/section>\n\t\t\t\t<\/div>\n\t\t","protected":false},"excerpt":{"rendered":"<p>Encuentros One to One RetailTechConnect Retailers Los Encuentros One to One de RetailTechConnect son espacios dise\u00f1ados para conversar con contexto, sin presi\u00f3n comercial y con criterio. No son reuniones improvisadas ni agendas abiertas: Son conversaciones cuidadas que se activan solo cuando existe una necesidad real y un posible encaje entre las partes. En retail, muchas [&hellip;]<\/p>\n","protected":false},"author":1,"featured_media":0,"parent":18938,"menu_order":0,"comment_status":"closed","ping_status":"closed","template":"page-templates\/fullwidth-content.php","meta":{"footnotes":""},"class_list":["post-5610","page","type-page","status-publish","hentry"],"yoast_head":"<!-- This site is optimized with the Yoast SEO plugin v27.4 - https:\/\/yoast.com\/product\/yoast-seo-wordpress\/ -->\n<title>Encuentros - RetailTechConnect<\/title>\n<meta name=\"robots\" content=\"index, follow, max-snippet:-1, max-image-preview:large, max-video-preview:-1\" \/>\n<link rel=\"canonical\" href=\"https:\/\/retailtechconnect.com\/en\/eventos-conexiones\/encuentros\/\" \/>\n<meta property=\"og:locale\" content=\"en_GB\" \/>\n<meta property=\"og:type\" content=\"article\" \/>\n<meta property=\"og:title\" content=\"Encuentros - RetailTechConnect\" \/>\n<meta property=\"og:description\" content=\"Encuentros One to One RetailTechConnect Retailers Los Encuentros One to One de RetailTechConnect son espacios dise\u00f1ados para conversar con contexto, sin presi\u00f3n comercial y con criterio. No son reuniones improvisadas ni agendas abiertas: Son conversaciones cuidadas que se activan solo cuando existe una necesidad real y un posible encaje entre las partes. En retail, muchas [&hellip;]\" \/>\n<meta property=\"og:url\" content=\"https:\/\/retailtechconnect.com\/en\/eventos-conexiones\/encuentros\/\" \/>\n<meta property=\"og:site_name\" content=\"RetailTechConnect\" \/>\n<meta property=\"article:modified_time\" content=\"2026-02-17T09:56:01+00:00\" \/>\n<meta name=\"twitter:card\" content=\"summary_large_image\" \/>\n<meta name=\"twitter:label1\" content=\"Estimated reading time\" \/>\n\t<meta name=\"twitter:data1\" content=\"2 minutes\" \/>\n<script type=\"application\/ld+json\" class=\"yoast-schema-graph\">{\"@context\":\"https:\\\/\\\/schema.org\",\"@graph\":[{\"@type\":\"WebPage\",\"@id\":\"https:\\\/\\\/retailtechconnect.com\\\/eventos-conexiones\\\/encuentros\\\/\",\"url\":\"https:\\\/\\\/retailtechconnect.com\\\/eventos-conexiones\\\/encuentros\\\/\",\"name\":\"Encuentros - RetailTechConnect\",\"isPartOf\":{\"@id\":\"https:\\\/\\\/retailtechconnect.com\\\/#website\"},\"datePublished\":\"2018-08-02T14:02:08+00:00\",\"dateModified\":\"2026-02-17T09:56:01+00:00\",\"breadcrumb\":{\"@id\":\"https:\\\/\\\/retailtechconnect.com\\\/eventos-conexiones\\\/encuentros\\\/#breadcrumb\"},\"inLanguage\":\"en-GB\",\"potentialAction\":[{\"@type\":\"ReadAction\",\"target\":[\"https:\\\/\\\/retailtechconnect.com\\\/eventos-conexiones\\\/encuentros\\\/\"]}]},{\"@type\":\"BreadcrumbList\",\"@id\":\"https:\\\/\\\/retailtechconnect.com\\\/eventos-conexiones\\\/encuentros\\\/#breadcrumb\",\"itemListElement\":[{\"@type\":\"ListItem\",\"position\":1,\"name\":\"Portada\",\"item\":\"https:\\\/\\\/retailtechconnect.com\\\/\"},{\"@type\":\"ListItem\",\"position\":2,\"name\":\"Eventos &#038; Conexiones\",\"item\":\"https:\\\/\\\/retailtechconnect.com\\\/eventos-conexiones\\\/\"},{\"@type\":\"ListItem\",\"position\":3,\"name\":\"Encuentros\"}]},{\"@type\":\"WebSite\",\"@id\":\"https:\\\/\\\/retailtechconnect.com\\\/#website\",\"url\":\"https:\\\/\\\/retailtechconnect.com\\\/\",\"name\":\"RetailTechConnect\",\"description\":\"Un espacio para retailers y comercios que quieran avanzar en la era digital\",\"publisher\":{\"@id\":\"https:\\\/\\\/retailtechconnect.com\\\/#organization\"},\"potentialAction\":[{\"@type\":\"SearchAction\",\"target\":{\"@type\":\"EntryPoint\",\"urlTemplate\":\"https:\\\/\\\/retailtechconnect.com\\\/?s={search_term_string}\"},\"query-input\":{\"@type\":\"PropertyValueSpecification\",\"valueRequired\":true,\"valueName\":\"search_term_string\"}}],\"inLanguage\":\"en-GB\"},{\"@type\":\"Organization\",\"@id\":\"https:\\\/\\\/retailtechconnect.com\\\/#organization\",\"name\":\"RetailTechConnect\",\"url\":\"https:\\\/\\\/retailtechconnect.com\\\/\",\"logo\":{\"@type\":\"ImageObject\",\"inLanguage\":\"en-GB\",\"@id\":\"https:\\\/\\\/retailtechconnect.com\\\/#\\\/schema\\\/logo\\\/image\\\/\",\"url\":\"https:\\\/\\\/retailtechconnect.com\\\/wp-content\\\/uploads\\\/2026\\\/01\\\/WhatsApp-Image-2025-12-22-at-11.37.39-2.jpeg\",\"contentUrl\":\"https:\\\/\\\/retailtechconnect.com\\\/wp-content\\\/uploads\\\/2026\\\/01\\\/WhatsApp-Image-2025-12-22-at-11.37.39-2.jpeg\",\"width\":1320,\"height\":616,\"caption\":\"RetailTechConnect\"},\"image\":{\"@id\":\"https:\\\/\\\/retailtechconnect.com\\\/#\\\/schema\\\/logo\\\/image\\\/\"}}]}<\/script>\n<!-- \/ Yoast SEO plugin. -->","yoast_head_json":{"title":"Encuentros - RetailTechConnect","robots":{"index":"index","follow":"follow","max-snippet":"max-snippet:-1","max-image-preview":"max-image-preview:large","max-video-preview":"max-video-preview:-1"},"canonical":"https:\/\/retailtechconnect.com\/en\/eventos-conexiones\/encuentros\/","og_locale":"en_GB","og_type":"article","og_title":"Encuentros - RetailTechConnect","og_description":"Encuentros One to One RetailTechConnect Retailers Los Encuentros One to One de RetailTechConnect son espacios dise\u00f1ados para conversar con contexto, sin presi\u00f3n comercial y con criterio. No son reuniones improvisadas ni agendas abiertas: Son conversaciones cuidadas que se activan solo cuando existe una necesidad real y un posible encaje entre las partes. En retail, muchas [&hellip;]","og_url":"https:\/\/retailtechconnect.com\/en\/eventos-conexiones\/encuentros\/","og_site_name":"RetailTechConnect","article_modified_time":"2026-02-17T09:56:01+00:00","twitter_card":"summary_large_image","twitter_misc":{"Estimated reading time":"2 minutes"},"schema":{"@context":"https:\/\/schema.org","@graph":[{"@type":"WebPage","@id":"https:\/\/retailtechconnect.com\/eventos-conexiones\/encuentros\/","url":"https:\/\/retailtechconnect.com\/eventos-conexiones\/encuentros\/","name":"Encuentros - RetailTechConnect","isPartOf":{"@id":"https:\/\/retailtechconnect.com\/#website"},"datePublished":"2018-08-02T14:02:08+00:00","dateModified":"2026-02-17T09:56:01+00:00","breadcrumb":{"@id":"https:\/\/retailtechconnect.com\/eventos-conexiones\/encuentros\/#breadcrumb"},"inLanguage":"en-GB","potentialAction":[{"@type":"ReadAction","target":["https:\/\/retailtechconnect.com\/eventos-conexiones\/encuentros\/"]}]},{"@type":"BreadcrumbList","@id":"https:\/\/retailtechconnect.com\/eventos-conexiones\/encuentros\/#breadcrumb","itemListElement":[{"@type":"ListItem","position":1,"name":"Portada","item":"https:\/\/retailtechconnect.com\/"},{"@type":"ListItem","position":2,"name":"Eventos &#038; Conexiones","item":"https:\/\/retailtechconnect.com\/eventos-conexiones\/"},{"@type":"ListItem","position":3,"name":"Encuentros"}]},{"@type":"WebSite","@id":"https:\/\/retailtechconnect.com\/#website","url":"https:\/\/retailtechconnect.com\/","name":"RetailTechConnect","description":"A space for retailers and businesses that want to move forward in the digital age.","publisher":{"@id":"https:\/\/retailtechconnect.com\/#organization"},"potentialAction":[{"@type":"SearchAction","target":{"@type":"EntryPoint","urlTemplate":"https:\/\/retailtechconnect.com\/?s={search_term_string}"},"query-input":{"@type":"PropertyValueSpecification","valueRequired":true,"valueName":"search_term_string"}}],"inLanguage":"en-GB"},{"@type":"Organization","@id":"https:\/\/retailtechconnect.com\/#organization","name":"RetailTechConnect","url":"https:\/\/retailtechconnect.com\/","logo":{"@type":"ImageObject","inLanguage":"en-GB","@id":"https:\/\/retailtechconnect.com\/#\/schema\/logo\/image\/","url":"https:\/\/retailtechconnect.com\/wp-content\/uploads\/2026\/01\/WhatsApp-Image-2025-12-22-at-11.37.39-2.jpeg","contentUrl":"https:\/\/retailtechconnect.com\/wp-content\/uploads\/2026\/01\/WhatsApp-Image-2025-12-22-at-11.37.39-2.jpeg","width":1320,"height":616,"caption":"RetailTechConnect"},"image":{"@id":"https:\/\/retailtechconnect.com\/#\/schema\/logo\/image\/"}}]}},"jetpack_sharing_enabled":true,"_links":{"self":[{"href":"https:\/\/retailtechconnect.com\/en\/wp-json\/wp\/v2\/pages\/5610","targetHints":{"allow":["GET"]}}],"collection":[{"href":"https:\/\/retailtechconnect.com\/en\/wp-json\/wp\/v2\/pages"}],"about":[{"href":"https:\/\/retailtechconnect.com\/en\/wp-json\/wp\/v2\/types\/page"}],"author":[{"embeddable":true,"href":"https:\/\/retailtechconnect.com\/en\/wp-json\/wp\/v2\/users\/1"}],"replies":[{"embeddable":true,"href":"https:\/\/retailtechconnect.com\/en\/wp-json\/wp\/v2\/comments?post=5610"}],"version-history":[{"count":8,"href":"https:\/\/retailtechconnect.com\/en\/wp-json\/wp\/v2\/pages\/5610\/revisions"}],"predecessor-version":[{"id":19476,"href":"https:\/\/retailtechconnect.com\/en\/wp-json\/wp\/v2\/pages\/5610\/revisions\/19476"}],"up":[{"embeddable":true,"href":"https:\/\/retailtechconnect.com\/en\/wp-json\/wp\/v2\/pages\/18938"}],"wp:attachment":[{"href":"https:\/\/retailtechconnect.com\/en\/wp-json\/wp\/v2\/media?parent=5610"}],"curies":[{"name":"wp","href":"https:\/\/api.w.org\/{rel}","templated":true}]}}