{"id":19799,"date":"2026-04-27T12:07:22","date_gmt":"2026-04-27T10:07:22","guid":{"rendered":"https:\/\/retailtechconnect.com\/?page_id=19799"},"modified":"2026-04-27T12:09:17","modified_gmt":"2026-04-27T10:09:17","slug":"rrhh-talento-y-formacion","status":"publish","type":"page","link":"https:\/\/retailtechconnect.com\/en\/soluciones-retail\/rrhh-talento-y-formacion\/","title":{"rendered":"RRHH, talento y formaci\u00f3n"},"content":{"rendered":"<div data-elementor-type=\"wp-page\" data-elementor-id=\"19799\" class=\"elementor elementor-19799\" data-elementor-post-type=\"page\">\n\t\t\t\t<div class=\"elementor-element elementor-element-6d3d934a e-con-full e-flex e-con e-parent\" data-id=\"6d3d934a\" data-element_type=\"container\" data-e-type=\"container\" data-settings=\"{&quot;jet_parallax_layout_list&quot;:[]}\">\n\t\t<div class=\"elementor-element elementor-element-4237a375 e-con-full e-flex e-con e-child\" data-id=\"4237a375\" data-element_type=\"container\" data-e-type=\"container\" data-settings=\"{&quot;background_background&quot;:&quot;classic&quot;,&quot;jet_parallax_layout_list&quot;:[]}\">\n\t\t\t\t<div class=\"elementor-element elementor-element-761bb07e elementor-widget elementor-widget-heading\" data-id=\"761bb07e\" data-element_type=\"widget\" data-e-type=\"widget\" data-widget_type=\"heading.default\">\n\t\t\t\t\t<h2 class=\"elementor-heading-title elementor-size-default\">RRHH, talento y formaci\u00f3n<\/h2>\t\t\t\t<\/div>\n\t\t\t\t<div class=\"elementor-element elementor-element-27f0f8f9 elementor-widget elementor-widget-text-editor\" data-id=\"27f0f8f9\" data-element_type=\"widget\" data-e-type=\"widget\" data-widget_type=\"text-editor.default\">\n\t\t\t\t\t\t\t\t\t<p data-start=\"1713\" data-end=\"1739\">Texto explicativo aqu\u00ed<\/p>\t\t\t\t\t\t\t\t<\/div>\n\t\t\t\t<div class=\"elementor-element elementor-element-64f0d5e4 elementor-widget__width-initial elementor-widget elementor-widget-text-editor\" data-id=\"64f0d5e4\" data-element_type=\"widget\" data-e-type=\"widget\" data-widget_type=\"text-editor.default\">\n\t\t\t\t\t\t\t\t\t<p><strong>Problemas a resolver:<\/strong><\/p><ul><li><p class=\"western\">Alta rotaci\u00f3n<\/p><\/li><li><p class=\"western\">Dificultad para contratar<\/p><\/li><li><p class=\"western\">Falta de formaci\u00f3n<\/p><\/li><li><p class=\"western\">Baja motivaci\u00f3n<\/p><\/li><li><p class=\"western\">No adopci\u00f3n tecnol\u00f3gica<\/p><\/li><li><p class=\"western\">Mala planificaci\u00f3n de turnos<\/p><\/li><li><p class=\"western\">Managers saturados<\/p><\/li><li><p class=\"western\">Falta de cultura digital<\/p><\/li><li><p class=\"western\">Tecnolog\u00eda genera estr\u00e9s<\/p><\/li><li><p class=\"western\">No employer branding real<\/p><\/li><li><p class=\"western\">Me cuesta atraer talento al retail<\/p><\/li><li><p class=\"western\">No tengo una propuesta de valor atractiva como empleador<\/p><\/li><li><p class=\"western\">No tengo formaci\u00f3n continua real<\/p><\/li><li><p class=\"western\">No identifico necesidades formativas por rol<\/p><\/li><li><p class=\"western\">No conecto formaci\u00f3n con productividad<\/p><\/li><li><p class=\"western\">No mido bien desempe\u00f1o y evoluci\u00f3n del equipo<\/p><\/li><li><p class=\"western\">No gestiono bien comunicaci\u00f3n interna<\/p><\/li><li><p class=\"western\">No retengo perfiles clave<\/p><\/li><li><p class=\"western\">El equipo est\u00e1 sobrecargado<\/p><\/li><li><p class=\"western\">No preparo al equipo para nuevos procesos y tecnolog\u00edas<\/p><\/li><li><p class=\"western\">No convierto la digitalizaci\u00f3n en ventaja para el empleado<\/p><\/li><li><p class=\"western\">No tengo herramientas para mejorar experiencia del empleado<\/p><p class=\"western\">\u00a0<\/p><\/li><\/ul>\t\t\t\t\t\t\t\t<\/div>\n\t\t\t\t<div class=\"elementor-element elementor-element-38a6344d elementor-widget__width-initial elementor-widget elementor-widget-text-editor\" data-id=\"38a6344d\" data-element_type=\"widget\" data-e-type=\"widget\" data-widget_type=\"text-editor.default\">\n\t\t\t\t\t\t\t\t\t<strong>Subcategor\u00edas:<\/strong>\n<ul>\n \t<li>\nSubcategor\u00eda 1\n<\/li>\n \t<li>Subcategor\u00eda 2<\/li>\n \t<li>&#8230;<\/li>\n<\/ul>\t\t\t\t\t\t\t\t<\/div>\n\t\t\t\t<div class=\"elementor-element elementor-element-44ce2f61 elementor-widget__width-initial elementor-widget elementor-widget-text-editor\" data-id=\"44ce2f61\" data-element_type=\"widget\" data-e-type=\"widget\" data-widget_type=\"text-editor.default\">\n\t\t\t\t\t\t\t\t\t<p><strong>\u00bfPara qu\u00e9 tipo de retailer aplica?<\/strong><\/p><ul><li>Tipo 1<\/li><li>Tipo 2<\/li><li>&#8230;<\/li><\/ul>\t\t\t\t\t\t\t\t<\/div>\n\t\t\t\t<div class=\"elementor-element elementor-element-5593089d elementor-widget__width-initial elementor-widget elementor-widget-text-editor\" data-id=\"5593089d\" data-element_type=\"widget\" data-e-type=\"widget\" data-widget_type=\"text-editor.default\">\n\t\t\t\t\t\t\t\t\t<p><strong>Impacto esperado:<\/strong><\/p><ul><li>Impacto 1<\/li><li>Impacto 2<\/li><li>&#8230;<\/li><\/ul>\t\t\t\t\t\t\t\t<\/div>\n\t\t\t\t<div class=\"elementor-element elementor-element-264d8862 elementor-widget__width-initial elementor-widget elementor-widget-text-editor\" data-id=\"264d8862\" data-element_type=\"widget\" data-e-type=\"widget\" data-widget_type=\"text-editor.default\">\n\t\t\t\t\t\t\t\t\t<p><strong>Mirada Tech for People:<\/strong><\/p><ul><li>1<\/li><li>2<\/li><li>&#8230;<\/li><\/ul>\t\t\t\t\t\t\t\t<\/div>\n\t\t\t\t<\/div>\n\t\t\t\t<\/div>\n\t\t<div class=\"elementor-element elementor-element-68b773e e-con-full e-flex e-con e-parent\" data-id=\"68b773e\" data-element_type=\"container\" data-e-type=\"container\" data-settings=\"{&quot;background_background&quot;:&quot;classic&quot;,&quot;jet_parallax_layout_list&quot;:[]}\">\n\t\t<div class=\"elementor-element elementor-element-4910d3fa e-con-full e-flex e-con e-child\" data-id=\"4910d3fa\" data-element_type=\"container\" data-e-type=\"container\" data-settings=\"{&quot;jet_parallax_layout_list&quot;:[]}\">\n\t\t<div class=\"elementor-element elementor-element-3a528cf7 e-con-full e-flex e-con e-child\" data-id=\"3a528cf7\" data-element_type=\"container\" data-e-type=\"container\" data-settings=\"{&quot;jet_parallax_layout_list&quot;:[]}\">\n\t\t\t\t<div class=\"elementor-element elementor-element-47a9f63c elementor-widget elementor-widget-heading\" data-id=\"47a9f63c\" data-element_type=\"widget\" data-e-type=\"widget\" data-widget_type=\"heading.default\">\n\t\t\t\t\t<h2 class=\"elementor-heading-title elementor-size-default\">\u00bfEsto encaja con tu negocio?<\/h2>\t\t\t\t<\/div>\n\t\t\t\t<div class=\"elementor-element elementor-element-6733d90a elementor-widget elementor-widget-heading\" data-id=\"6733d90a\" data-element_type=\"widget\" data-e-type=\"widget\" data-widget_type=\"heading.default\">\n\t\t\t\t\t<h3 class=\"elementor-heading-title elementor-size-default\">Si alguno de estos retos forma parte de tu d\u00eda a d\u00eda, el siguiente paso es ponerte en contacto con los mejores Partners de servicios para el retail y entender bien qu\u00e9 tiene sentido para ti y tu negocio.<\/h3>\t\t\t\t<\/div>\n\t\t\t\t<div class=\"elementor-element elementor-element-18ab6edc elementor-tablet-align-center elementor-align-center elementor-widget elementor-widget-button\" data-id=\"18ab6edc\" data-element_type=\"widget\" data-e-type=\"widget\" data-widget_type=\"button.default\">\n\t\t\t\t\t\t\t\t\t\t<a class=\"elementor-button elementor-button-link elementor-size-lg elementor-animation-grow\" href=\"#\" categoria=\"experienciacliente\">\n\t\t\t\t\t\t<span class=\"elementor-button-content-wrapper\">\n\t\t\t\t\t\t<span class=\"elementor-button-icon\">\n\t\t\t\t<svg aria-hidden=\"true\" class=\"e-font-icon-svg e-far-hand-point-right\" viewbox=\"0 0 512 512\" xmlns=\"http:\/\/www.w3.org\/2000\/svg\"><path d=\"M428.8 137.6h-86.177a115.52 115.52 0 0 0 2.176-22.4c0-47.914-35.072-83.2-92-83.2-45.314 0-57.002 48.537-75.707 78.784-7.735 12.413-16.994 23.317-25.851 33.253l-.131.146-.129.148C135.662 161.807 127.764 168 120.8 168h-2.679c-5.747-4.952-13.536-8-22.12-8H32c-17.673 0-32 12.894-32 28.8v230.4C0 435.106 14.327 448 32 448h64c8.584 0 16.373-3.048 22.12-8h2.679c28.688 0 67.137 40 127.2 40h21.299c62.542 0 98.8-38.658 99.94-91.145 12.482-17.813 18.491-40.785 15.985-62.791A93.148 93.148 0 0 0 393.152 304H428.8c45.435 0 83.2-37.584 83.2-83.2 0-45.099-38.101-83.2-83.2-83.2zm0 118.4h-91.026c12.837 14.669 14.415 42.825-4.95 61.05 11.227 19.646 1.687 45.624-12.925 53.625 6.524 39.128-10.076 61.325-50.6 61.325H248c-45.491 0-77.21-35.913-120-39.676V215.571c25.239-2.964 42.966-21.222 59.075-39.596 11.275-12.65 21.725-25.3 30.799-39.875C232.355 112.712 244.006 80 252.8 80c23.375 0 44 8.8 44 35.2 0 35.2-26.4 53.075-26.4 70.4h158.4c18.425 0 35.2 16.5 35.2 35.2 0 18.975-16.225 35.2-35.2 35.2zM88 384c0 13.255-10.745 24-24 24s-24-10.745-24-24 10.745-24 24-24 24 10.745 24 24z\"><\/path><\/svg>\t\t\t<\/span>\n\t\t\t\t\t\t\t\t\t<span class=\"elementor-button-text\"> Explorar si esto encaja con mi negocio<\/span>\n\t\t\t\t\t<\/span>\n\t\t\t\t\t<\/a>\n\t\t\t\t\t\t\t\t<\/div>\n\t\t\t\t<\/div>\n\t\t\t\t<\/div>\n\t\t\t\t<\/div>\n\t\t\t\t<\/div>","protected":false},"excerpt":{"rendered":"<p>Texto explicativo aqu\u00ed Problemas a resolver: Alta rotaci\u00f3n Dificultad para contratar Falta de formaci\u00f3n Baja motivaci\u00f3n No adopci\u00f3n tecnol\u00f3gica Mala planificaci\u00f3n de turnos Managers saturados Falta de cultura digital Tecnolog\u00eda genera estr\u00e9s No employer branding real Me cuesta atraer talento al retail No tengo una propuesta de valor atractiva como empleador No tengo formaci\u00f3n continua [&hellip;]<\/p>\n","protected":false},"author":1,"featured_media":0,"parent":19696,"menu_order":6,"comment_status":"closed","ping_status":"closed","template":"elementor_header_footer","meta":{"footnotes":""},"class_list":["post-19799","page","type-page","status-publish","hentry"],"yoast_head":"<!-- This site is optimized with the Yoast SEO plugin v27.4 - https:\/\/yoast.com\/product\/yoast-seo-wordpress\/ -->\n<title>RRHH, talento y formaci\u00f3n - RetailTechConnect<\/title>\n<meta name=\"robots\" content=\"index, follow, max-snippet:-1, max-image-preview:large, max-video-preview:-1\" \/>\n<link rel=\"canonical\" href=\"https:\/\/retailtechconnect.com\/en\/soluciones-retail\/rrhh-talento-y-formacion\/\" \/>\n<meta property=\"og:locale\" content=\"en_GB\" \/>\n<meta property=\"og:type\" content=\"article\" \/>\n<meta property=\"og:title\" content=\"RRHH, talento y formaci\u00f3n - RetailTechConnect\" \/>\n<meta property=\"og:description\" content=\"Texto explicativo aqu\u00ed Problemas a resolver: Alta rotaci\u00f3n Dificultad para contratar Falta de formaci\u00f3n Baja motivaci\u00f3n No adopci\u00f3n tecnol\u00f3gica Mala planificaci\u00f3n de turnos Managers saturados Falta de cultura digital Tecnolog\u00eda genera estr\u00e9s No employer branding real Me cuesta atraer talento al retail No tengo una propuesta de valor atractiva como empleador No tengo formaci\u00f3n continua [&hellip;]\" \/>\n<meta property=\"og:url\" content=\"https:\/\/retailtechconnect.com\/en\/soluciones-retail\/rrhh-talento-y-formacion\/\" \/>\n<meta property=\"og:site_name\" content=\"RetailTechConnect\" \/>\n<meta property=\"article:modified_time\" content=\"2026-04-27T10:09:17+00:00\" \/>\n<meta name=\"twitter:card\" content=\"summary_large_image\" \/>\n<meta name=\"twitter:label1\" content=\"Estimated reading time\" \/>\n\t<meta name=\"twitter:data1\" content=\"1 minute\" \/>\n<script type=\"application\/ld+json\" class=\"yoast-schema-graph\">{\"@context\":\"https:\\\/\\\/schema.org\",\"@graph\":[{\"@type\":\"WebPage\",\"@id\":\"https:\\\/\\\/retailtechconnect.com\\\/soluciones-retail\\\/rrhh-talento-y-formacion\\\/\",\"url\":\"https:\\\/\\\/retailtechconnect.com\\\/soluciones-retail\\\/rrhh-talento-y-formacion\\\/\",\"name\":\"RRHH, talento y formaci\u00f3n - RetailTechConnect\",\"isPartOf\":{\"@id\":\"https:\\\/\\\/retailtechconnect.com\\\/#website\"},\"datePublished\":\"2026-04-27T10:07:22+00:00\",\"dateModified\":\"2026-04-27T10:09:17+00:00\",\"breadcrumb\":{\"@id\":\"https:\\\/\\\/retailtechconnect.com\\\/soluciones-retail\\\/rrhh-talento-y-formacion\\\/#breadcrumb\"},\"inLanguage\":\"en-GB\",\"potentialAction\":[{\"@type\":\"ReadAction\",\"target\":[\"https:\\\/\\\/retailtechconnect.com\\\/soluciones-retail\\\/rrhh-talento-y-formacion\\\/\"]}]},{\"@type\":\"BreadcrumbList\",\"@id\":\"https:\\\/\\\/retailtechconnect.com\\\/soluciones-retail\\\/rrhh-talento-y-formacion\\\/#breadcrumb\",\"itemListElement\":[{\"@type\":\"ListItem\",\"position\":1,\"name\":\"Portada\",\"item\":\"https:\\\/\\\/retailtechconnect.com\\\/\"},{\"@type\":\"ListItem\",\"position\":2,\"name\":\"Soluciones Retail\",\"item\":\"https:\\\/\\\/retailtechconnect.com\\\/soluciones-retail\\\/\"},{\"@type\":\"ListItem\",\"position\":3,\"name\":\"RRHH, talento y formaci\u00f3n\"}]},{\"@type\":\"WebSite\",\"@id\":\"https:\\\/\\\/retailtechconnect.com\\\/#website\",\"url\":\"https:\\\/\\\/retailtechconnect.com\\\/\",\"name\":\"RetailTechConnect\",\"description\":\"Un espacio para retailers y comercios que quieran avanzar en la era digital\",\"publisher\":{\"@id\":\"https:\\\/\\\/retailtechconnect.com\\\/#organization\"},\"potentialAction\":[{\"@type\":\"SearchAction\",\"target\":{\"@type\":\"EntryPoint\",\"urlTemplate\":\"https:\\\/\\\/retailtechconnect.com\\\/?s={search_term_string}\"},\"query-input\":{\"@type\":\"PropertyValueSpecification\",\"valueRequired\":true,\"valueName\":\"search_term_string\"}}],\"inLanguage\":\"en-GB\"},{\"@type\":\"Organization\",\"@id\":\"https:\\\/\\\/retailtechconnect.com\\\/#organization\",\"name\":\"RetailTechConnect\",\"url\":\"https:\\\/\\\/retailtechconnect.com\\\/\",\"logo\":{\"@type\":\"ImageObject\",\"inLanguage\":\"en-GB\",\"@id\":\"https:\\\/\\\/retailtechconnect.com\\\/#\\\/schema\\\/logo\\\/image\\\/\",\"url\":\"https:\\\/\\\/retailtechconnect.com\\\/wp-content\\\/uploads\\\/2026\\\/01\\\/WhatsApp-Image-2025-12-22-at-11.37.39-2.jpeg\",\"contentUrl\":\"https:\\\/\\\/retailtechconnect.com\\\/wp-content\\\/uploads\\\/2026\\\/01\\\/WhatsApp-Image-2025-12-22-at-11.37.39-2.jpeg\",\"width\":1320,\"height\":616,\"caption\":\"RetailTechConnect\"},\"image\":{\"@id\":\"https:\\\/\\\/retailtechconnect.com\\\/#\\\/schema\\\/logo\\\/image\\\/\"}}]}<\/script>\n<!-- \/ Yoast SEO plugin. -->","yoast_head_json":{"title":"RRHH, talento y formaci\u00f3n - RetailTechConnect","robots":{"index":"index","follow":"follow","max-snippet":"max-snippet:-1","max-image-preview":"max-image-preview:large","max-video-preview":"max-video-preview:-1"},"canonical":"https:\/\/retailtechconnect.com\/en\/soluciones-retail\/rrhh-talento-y-formacion\/","og_locale":"en_GB","og_type":"article","og_title":"RRHH, talento y formaci\u00f3n - RetailTechConnect","og_description":"Texto explicativo aqu\u00ed Problemas a resolver: Alta rotaci\u00f3n Dificultad para contratar Falta de formaci\u00f3n Baja motivaci\u00f3n No adopci\u00f3n tecnol\u00f3gica Mala planificaci\u00f3n de turnos Managers saturados Falta de cultura digital Tecnolog\u00eda genera estr\u00e9s No employer branding real Me cuesta atraer talento al retail No tengo una propuesta de valor atractiva como empleador No tengo formaci\u00f3n continua [&hellip;]","og_url":"https:\/\/retailtechconnect.com\/en\/soluciones-retail\/rrhh-talento-y-formacion\/","og_site_name":"RetailTechConnect","article_modified_time":"2026-04-27T10:09:17+00:00","twitter_card":"summary_large_image","twitter_misc":{"Estimated reading time":"1 minute"},"schema":{"@context":"https:\/\/schema.org","@graph":[{"@type":"WebPage","@id":"https:\/\/retailtechconnect.com\/soluciones-retail\/rrhh-talento-y-formacion\/","url":"https:\/\/retailtechconnect.com\/soluciones-retail\/rrhh-talento-y-formacion\/","name":"RRHH, talento y formaci\u00f3n - RetailTechConnect","isPartOf":{"@id":"https:\/\/retailtechconnect.com\/#website"},"datePublished":"2026-04-27T10:07:22+00:00","dateModified":"2026-04-27T10:09:17+00:00","breadcrumb":{"@id":"https:\/\/retailtechconnect.com\/soluciones-retail\/rrhh-talento-y-formacion\/#breadcrumb"},"inLanguage":"en-GB","potentialAction":[{"@type":"ReadAction","target":["https:\/\/retailtechconnect.com\/soluciones-retail\/rrhh-talento-y-formacion\/"]}]},{"@type":"BreadcrumbList","@id":"https:\/\/retailtechconnect.com\/soluciones-retail\/rrhh-talento-y-formacion\/#breadcrumb","itemListElement":[{"@type":"ListItem","position":1,"name":"Portada","item":"https:\/\/retailtechconnect.com\/"},{"@type":"ListItem","position":2,"name":"Soluciones Retail","item":"https:\/\/retailtechconnect.com\/soluciones-retail\/"},{"@type":"ListItem","position":3,"name":"RRHH, talento y formaci\u00f3n"}]},{"@type":"WebSite","@id":"https:\/\/retailtechconnect.com\/#website","url":"https:\/\/retailtechconnect.com\/","name":"RetailTechConnect","description":"A space for retailers and businesses that want to move forward in the digital age.","publisher":{"@id":"https:\/\/retailtechconnect.com\/#organization"},"potentialAction":[{"@type":"SearchAction","target":{"@type":"EntryPoint","urlTemplate":"https:\/\/retailtechconnect.com\/?s={search_term_string}"},"query-input":{"@type":"PropertyValueSpecification","valueRequired":true,"valueName":"search_term_string"}}],"inLanguage":"en-GB"},{"@type":"Organization","@id":"https:\/\/retailtechconnect.com\/#organization","name":"RetailTechConnect","url":"https:\/\/retailtechconnect.com\/","logo":{"@type":"ImageObject","inLanguage":"en-GB","@id":"https:\/\/retailtechconnect.com\/#\/schema\/logo\/image\/","url":"https:\/\/retailtechconnect.com\/wp-content\/uploads\/2026\/01\/WhatsApp-Image-2025-12-22-at-11.37.39-2.jpeg","contentUrl":"https:\/\/retailtechconnect.com\/wp-content\/uploads\/2026\/01\/WhatsApp-Image-2025-12-22-at-11.37.39-2.jpeg","width":1320,"height":616,"caption":"RetailTechConnect"},"image":{"@id":"https:\/\/retailtechconnect.com\/#\/schema\/logo\/image\/"}}]}},"jetpack_sharing_enabled":true,"_links":{"self":[{"href":"https:\/\/retailtechconnect.com\/en\/wp-json\/wp\/v2\/pages\/19799","targetHints":{"allow":["GET"]}}],"collection":[{"href":"https:\/\/retailtechconnect.com\/en\/wp-json\/wp\/v2\/pages"}],"about":[{"href":"https:\/\/retailtechconnect.com\/en\/wp-json\/wp\/v2\/types\/page"}],"author":[{"embeddable":true,"href":"https:\/\/retailtechconnect.com\/en\/wp-json\/wp\/v2\/users\/1"}],"replies":[{"embeddable":true,"href":"https:\/\/retailtechconnect.com\/en\/wp-json\/wp\/v2\/comments?post=19799"}],"version-history":[{"count":7,"href":"https:\/\/retailtechconnect.com\/en\/wp-json\/wp\/v2\/pages\/19799\/revisions"}],"predecessor-version":[{"id":19806,"href":"https:\/\/retailtechconnect.com\/en\/wp-json\/wp\/v2\/pages\/19799\/revisions\/19806"}],"up":[{"embeddable":true,"href":"https:\/\/retailtechconnect.com\/en\/wp-json\/wp\/v2\/pages\/19696"}],"wp:attachment":[{"href":"https:\/\/retailtechconnect.com\/en\/wp-json\/wp\/v2\/media?parent=19799"}],"curies":[{"name":"wp","href":"https:\/\/api.w.org\/{rel}","templated":true}]}}