{"id":19728,"date":"2026-04-23T11:24:51","date_gmt":"2026-04-23T09:24:51","guid":{"rendered":"https:\/\/retailtechconnect.com\/?page_id=19728"},"modified":"2026-04-23T11:27:57","modified_gmt":"2026-04-23T09:27:57","slug":"marketing-fidelizacion-y-redes-sociales","status":"publish","type":"page","link":"https:\/\/retailtechconnect.com\/en\/soluciones-retail\/marketing-fidelizacion-y-redes-sociales\/","title":{"rendered":"Marketing, Fidelizaci\u00f3n y Redes Sociales"},"content":{"rendered":"<div data-elementor-type=\"wp-page\" data-elementor-id=\"19728\" class=\"elementor elementor-19728\" data-elementor-post-type=\"page\">\n\t\t\t\t<div class=\"elementor-element elementor-element-4da9409c e-con-full e-flex e-con e-parent\" data-id=\"4da9409c\" data-element_type=\"container\" data-e-type=\"container\" data-settings=\"{&quot;jet_parallax_layout_list&quot;:[]}\">\n\t\t<div class=\"elementor-element elementor-element-52f76639 e-con-full e-flex e-con e-child\" data-id=\"52f76639\" data-element_type=\"container\" data-e-type=\"container\" data-settings=\"{&quot;background_background&quot;:&quot;classic&quot;,&quot;jet_parallax_layout_list&quot;:[]}\">\n\t\t\t\t<div class=\"elementor-element elementor-element-3aabd1c elementor-widget elementor-widget-heading\" data-id=\"3aabd1c\" data-element_type=\"widget\" data-e-type=\"widget\" data-widget_type=\"heading.default\">\n\t\t\t\t\t<h2 class=\"elementor-heading-title elementor-size-default\">Marketing, Fidelizaci\u00f3n y Redes Sociales<\/h2>\t\t\t\t<\/div>\n\t\t\t\t<div class=\"elementor-element elementor-element-b6d4c0c elementor-widget__width-initial elementor-widget elementor-widget-text-editor\" data-id=\"b6d4c0c\" data-element_type=\"widget\" data-e-type=\"widget\" data-widget_type=\"text-editor.default\">\n\t\t\t\t\t\t\t\t\t<p><strong>Problemas:<\/strong><\/p><ul><li><p class=\"western\">No atraigo tr\u00e1fico cualificado<\/p><\/li><li><p class=\"western\">Captaci\u00f3n cara<\/p><\/li><li><p class=\"western\">No s\u00e9 invertir en marketing<\/p><\/li><li><p class=\"western\">No mido ROI<\/p><\/li><li><p class=\"western\">No uso bien redes sociales<\/p><\/li><li><p class=\"western\">No tengo estrategia de contenidos<\/p><\/li><li><p class=\"western\">No convierto comunidad en ventas<\/p><\/li><li><p class=\"western\">No aprovecho datos para marketing<\/p><\/li><li><p class=\"western\">No coordino marketing con negocio<\/p><\/li><li><p class=\"western\">Dependencia de descuentos<\/p><\/li><li><p class=\"western\">No aprovecho retail media<\/p><\/li><li><p class=\"western\">No tengo una estrategia clara de fidelizaci\u00f3n<\/p><\/li><li><p class=\"western\">Mi loyalty no genera recurrencia real<\/p><\/li><li><p class=\"western\">No coordino marketing con stock, precios y promociones<\/p><\/li><li><p class=\"western\">No s\u00e9 qu\u00e9 promociones funcionan de verdad<\/p><\/li><li><p class=\"western\">No automatizo bien campa\u00f1as ni comunicaciones<\/p><\/li><li><p class=\"western\">No saco rendimiento al CRM comercial<\/p><\/li><li><p class=\"western\">No tengo estrategia local por tienda o zona<\/p><\/li><li><p class=\"western\">No conecto marca, marketing y conversi\u00f3n<\/p><\/li><li><p class=\"western\">No monetizo bien mis audiencias o espacios propios<\/p><\/li><li><p class=\"western\">No s\u00e9 medir incrementalidad real de campa\u00f1as<\/p><\/li><li><p class=\"western\">Mi visibilidad depende demasiado de terceros<\/p><\/li><li><p class=\"western\">No aprovecho bien email, SMS o automatizaci\u00f3n<\/p><\/li><\/ul>\t\t\t\t\t\t\t\t<\/div>\n\t\t\t\t<\/div>\n\t\t\t\t<\/div>\n\t\t\t\t<\/div>","protected":false},"excerpt":{"rendered":"<p>Problemas: No atraigo tr\u00e1fico cualificado Captaci\u00f3n cara No s\u00e9 invertir en marketing No mido ROI No uso bien redes sociales No tengo estrategia de contenidos No convierto comunidad en ventas No aprovecho datos para marketing No coordino marketing con negocio Dependencia de descuentos No aprovecho retail media No tengo una estrategia clara de fidelizaci\u00f3n Mi [&hellip;]<\/p>\n","protected":false},"author":1,"featured_media":0,"parent":19696,"menu_order":1,"comment_status":"closed","ping_status":"closed","template":"elementor_header_footer","meta":{"footnotes":""},"class_list":["post-19728","page","type-page","status-publish","hentry"],"yoast_head":"<!-- This site is optimized with the Yoast SEO plugin v27.4 - https:\/\/yoast.com\/product\/yoast-seo-wordpress\/ -->\n<title>Marketing, Fidelizaci\u00f3n y Redes Sociales - RetailTechConnect<\/title>\n<meta name=\"robots\" content=\"index, follow, max-snippet:-1, max-image-preview:large, max-video-preview:-1\" \/>\n<link rel=\"canonical\" href=\"https:\/\/retailtechconnect.com\/en\/soluciones-retail\/marketing-fidelizacion-y-redes-sociales\/\" \/>\n<meta property=\"og:locale\" content=\"en_GB\" \/>\n<meta property=\"og:type\" content=\"article\" \/>\n<meta property=\"og:title\" content=\"Marketing, Fidelizaci\u00f3n y Redes Sociales - RetailTechConnect\" \/>\n<meta property=\"og:description\" content=\"Problemas: No atraigo tr\u00e1fico cualificado Captaci\u00f3n cara No s\u00e9 invertir en marketing No mido ROI No uso bien redes sociales No tengo estrategia de contenidos No convierto comunidad en ventas No aprovecho datos para marketing No coordino marketing con negocio Dependencia de descuentos No aprovecho retail media No tengo una estrategia clara de fidelizaci\u00f3n Mi [&hellip;]\" \/>\n<meta property=\"og:url\" content=\"https:\/\/retailtechconnect.com\/en\/soluciones-retail\/marketing-fidelizacion-y-redes-sociales\/\" \/>\n<meta property=\"og:site_name\" content=\"RetailTechConnect\" \/>\n<meta property=\"article:modified_time\" content=\"2026-04-23T09:27:57+00:00\" \/>\n<meta name=\"twitter:card\" content=\"summary_large_image\" \/>\n<meta name=\"twitter:label1\" content=\"Estimated reading time\" \/>\n\t<meta name=\"twitter:data1\" content=\"1 minute\" \/>\n<script type=\"application\/ld+json\" class=\"yoast-schema-graph\">{\"@context\":\"https:\\\/\\\/schema.org\",\"@graph\":[{\"@type\":\"WebPage\",\"@id\":\"https:\\\/\\\/retailtechconnect.com\\\/soluciones-retail\\\/marketing-fidelizacion-y-redes-sociales\\\/\",\"url\":\"https:\\\/\\\/retailtechconnect.com\\\/soluciones-retail\\\/marketing-fidelizacion-y-redes-sociales\\\/\",\"name\":\"Marketing, Fidelizaci\u00f3n y Redes Sociales - RetailTechConnect\",\"isPartOf\":{\"@id\":\"https:\\\/\\\/retailtechconnect.com\\\/#website\"},\"datePublished\":\"2026-04-23T09:24:51+00:00\",\"dateModified\":\"2026-04-23T09:27:57+00:00\",\"breadcrumb\":{\"@id\":\"https:\\\/\\\/retailtechconnect.com\\\/soluciones-retail\\\/marketing-fidelizacion-y-redes-sociales\\\/#breadcrumb\"},\"inLanguage\":\"en-GB\",\"potentialAction\":[{\"@type\":\"ReadAction\",\"target\":[\"https:\\\/\\\/retailtechconnect.com\\\/soluciones-retail\\\/marketing-fidelizacion-y-redes-sociales\\\/\"]}]},{\"@type\":\"BreadcrumbList\",\"@id\":\"https:\\\/\\\/retailtechconnect.com\\\/soluciones-retail\\\/marketing-fidelizacion-y-redes-sociales\\\/#breadcrumb\",\"itemListElement\":[{\"@type\":\"ListItem\",\"position\":1,\"name\":\"Portada\",\"item\":\"https:\\\/\\\/retailtechconnect.com\\\/\"},{\"@type\":\"ListItem\",\"position\":2,\"name\":\"Soluciones Retail\",\"item\":\"https:\\\/\\\/retailtechconnect.com\\\/soluciones-retail\\\/\"},{\"@type\":\"ListItem\",\"position\":3,\"name\":\"Marketing, Fidelizaci\u00f3n y Redes Sociales\"}]},{\"@type\":\"WebSite\",\"@id\":\"https:\\\/\\\/retailtechconnect.com\\\/#website\",\"url\":\"https:\\\/\\\/retailtechconnect.com\\\/\",\"name\":\"RetailTechConnect\",\"description\":\"Un espacio para retailers y comercios que quieran avanzar en la era digital\",\"publisher\":{\"@id\":\"https:\\\/\\\/retailtechconnect.com\\\/#organization\"},\"potentialAction\":[{\"@type\":\"SearchAction\",\"target\":{\"@type\":\"EntryPoint\",\"urlTemplate\":\"https:\\\/\\\/retailtechconnect.com\\\/?s={search_term_string}\"},\"query-input\":{\"@type\":\"PropertyValueSpecification\",\"valueRequired\":true,\"valueName\":\"search_term_string\"}}],\"inLanguage\":\"en-GB\"},{\"@type\":\"Organization\",\"@id\":\"https:\\\/\\\/retailtechconnect.com\\\/#organization\",\"name\":\"RetailTechConnect\",\"url\":\"https:\\\/\\\/retailtechconnect.com\\\/\",\"logo\":{\"@type\":\"ImageObject\",\"inLanguage\":\"en-GB\",\"@id\":\"https:\\\/\\\/retailtechconnect.com\\\/#\\\/schema\\\/logo\\\/image\\\/\",\"url\":\"https:\\\/\\\/retailtechconnect.com\\\/wp-content\\\/uploads\\\/2026\\\/01\\\/WhatsApp-Image-2025-12-22-at-11.37.39-2.jpeg\",\"contentUrl\":\"https:\\\/\\\/retailtechconnect.com\\\/wp-content\\\/uploads\\\/2026\\\/01\\\/WhatsApp-Image-2025-12-22-at-11.37.39-2.jpeg\",\"width\":1320,\"height\":616,\"caption\":\"RetailTechConnect\"},\"image\":{\"@id\":\"https:\\\/\\\/retailtechconnect.com\\\/#\\\/schema\\\/logo\\\/image\\\/\"}}]}<\/script>\n<!-- \/ Yoast SEO plugin. -->","yoast_head_json":{"title":"Marketing, Fidelizaci\u00f3n y Redes Sociales - RetailTechConnect","robots":{"index":"index","follow":"follow","max-snippet":"max-snippet:-1","max-image-preview":"max-image-preview:large","max-video-preview":"max-video-preview:-1"},"canonical":"https:\/\/retailtechconnect.com\/en\/soluciones-retail\/marketing-fidelizacion-y-redes-sociales\/","og_locale":"en_GB","og_type":"article","og_title":"Marketing, Fidelizaci\u00f3n y Redes Sociales - RetailTechConnect","og_description":"Problemas: No atraigo tr\u00e1fico cualificado Captaci\u00f3n cara No s\u00e9 invertir en marketing No mido ROI No uso bien redes sociales No tengo estrategia de contenidos No convierto comunidad en ventas No aprovecho datos para marketing No coordino marketing con negocio Dependencia de descuentos No aprovecho retail media No tengo una estrategia clara de fidelizaci\u00f3n Mi [&hellip;]","og_url":"https:\/\/retailtechconnect.com\/en\/soluciones-retail\/marketing-fidelizacion-y-redes-sociales\/","og_site_name":"RetailTechConnect","article_modified_time":"2026-04-23T09:27:57+00:00","twitter_card":"summary_large_image","twitter_misc":{"Estimated reading time":"1 minute"},"schema":{"@context":"https:\/\/schema.org","@graph":[{"@type":"WebPage","@id":"https:\/\/retailtechconnect.com\/soluciones-retail\/marketing-fidelizacion-y-redes-sociales\/","url":"https:\/\/retailtechconnect.com\/soluciones-retail\/marketing-fidelizacion-y-redes-sociales\/","name":"Marketing, Fidelizaci\u00f3n y Redes Sociales - RetailTechConnect","isPartOf":{"@id":"https:\/\/retailtechconnect.com\/#website"},"datePublished":"2026-04-23T09:24:51+00:00","dateModified":"2026-04-23T09:27:57+00:00","breadcrumb":{"@id":"https:\/\/retailtechconnect.com\/soluciones-retail\/marketing-fidelizacion-y-redes-sociales\/#breadcrumb"},"inLanguage":"en-GB","potentialAction":[{"@type":"ReadAction","target":["https:\/\/retailtechconnect.com\/soluciones-retail\/marketing-fidelizacion-y-redes-sociales\/"]}]},{"@type":"BreadcrumbList","@id":"https:\/\/retailtechconnect.com\/soluciones-retail\/marketing-fidelizacion-y-redes-sociales\/#breadcrumb","itemListElement":[{"@type":"ListItem","position":1,"name":"Portada","item":"https:\/\/retailtechconnect.com\/"},{"@type":"ListItem","position":2,"name":"Soluciones Retail","item":"https:\/\/retailtechconnect.com\/soluciones-retail\/"},{"@type":"ListItem","position":3,"name":"Marketing, Fidelizaci\u00f3n y Redes Sociales"}]},{"@type":"WebSite","@id":"https:\/\/retailtechconnect.com\/#website","url":"https:\/\/retailtechconnect.com\/","name":"RetailTechConnect","description":"A space for retailers and businesses that want to move forward in the digital age.","publisher":{"@id":"https:\/\/retailtechconnect.com\/#organization"},"potentialAction":[{"@type":"SearchAction","target":{"@type":"EntryPoint","urlTemplate":"https:\/\/retailtechconnect.com\/?s={search_term_string}"},"query-input":{"@type":"PropertyValueSpecification","valueRequired":true,"valueName":"search_term_string"}}],"inLanguage":"en-GB"},{"@type":"Organization","@id":"https:\/\/retailtechconnect.com\/#organization","name":"RetailTechConnect","url":"https:\/\/retailtechconnect.com\/","logo":{"@type":"ImageObject","inLanguage":"en-GB","@id":"https:\/\/retailtechconnect.com\/#\/schema\/logo\/image\/","url":"https:\/\/retailtechconnect.com\/wp-content\/uploads\/2026\/01\/WhatsApp-Image-2025-12-22-at-11.37.39-2.jpeg","contentUrl":"https:\/\/retailtechconnect.com\/wp-content\/uploads\/2026\/01\/WhatsApp-Image-2025-12-22-at-11.37.39-2.jpeg","width":1320,"height":616,"caption":"RetailTechConnect"},"image":{"@id":"https:\/\/retailtechconnect.com\/#\/schema\/logo\/image\/"}}]}},"jetpack_sharing_enabled":true,"_links":{"self":[{"href":"https:\/\/retailtechconnect.com\/en\/wp-json\/wp\/v2\/pages\/19728","targetHints":{"allow":["GET"]}}],"collection":[{"href":"https:\/\/retailtechconnect.com\/en\/wp-json\/wp\/v2\/pages"}],"about":[{"href":"https:\/\/retailtechconnect.com\/en\/wp-json\/wp\/v2\/types\/page"}],"author":[{"embeddable":true,"href":"https:\/\/retailtechconnect.com\/en\/wp-json\/wp\/v2\/users\/1"}],"replies":[{"embeddable":true,"href":"https:\/\/retailtechconnect.com\/en\/wp-json\/wp\/v2\/comments?post=19728"}],"version-history":[{"count":7,"href":"https:\/\/retailtechconnect.com\/en\/wp-json\/wp\/v2\/pages\/19728\/revisions"}],"predecessor-version":[{"id":19738,"href":"https:\/\/retailtechconnect.com\/en\/wp-json\/wp\/v2\/pages\/19728\/revisions\/19738"}],"up":[{"embeddable":true,"href":"https:\/\/retailtechconnect.com\/en\/wp-json\/wp\/v2\/pages\/19696"}],"wp:attachment":[{"href":"https:\/\/retailtechconnect.com\/en\/wp-json\/wp\/v2\/media?parent=19728"}],"curies":[{"name":"wp","href":"https:\/\/api.w.org\/{rel}","templated":true}]}}