{"id":19696,"date":"2026-04-23T10:42:58","date_gmt":"2026-04-23T08:42:58","guid":{"rendered":"https:\/\/retailtechconnect.com\/?page_id=19696"},"modified":"2026-04-23T11:36:19","modified_gmt":"2026-04-23T09:36:19","slug":"soluciones-retail","status":"publish","type":"page","link":"https:\/\/retailtechconnect.com\/en\/soluciones-retail\/","title":{"rendered":"Soluciones Retail"},"content":{"rendered":"<div data-elementor-type=\"wp-page\" data-elementor-id=\"19696\" class=\"elementor elementor-19696\" data-elementor-post-type=\"page\">\n\t\t\t\t<div class=\"elementor-element elementor-element-7ca84e72 e-con-full e-flex e-con e-parent\" data-id=\"7ca84e72\" data-element_type=\"container\" data-e-type=\"container\" data-settings=\"{&quot;jet_parallax_layout_list&quot;:[]}\">\n\t\t<div class=\"elementor-element elementor-element-1dcecfa2 e-con-full e-flex e-con e-child\" data-id=\"1dcecfa2\" data-element_type=\"container\" data-e-type=\"container\" data-settings=\"{&quot;background_background&quot;:&quot;classic&quot;,&quot;jet_parallax_layout_list&quot;:[]}\">\n\t\t\t\t<div class=\"elementor-element elementor-element-5947f776 elementor-widget elementor-widget-heading\" data-id=\"5947f776\" data-element_type=\"widget\" data-e-type=\"widget\" data-widget_type=\"heading.default\">\n\t\t\t\t\t<h2 class=\"elementor-heading-title elementor-size-default\">Soluciones Retail<\/h2>\t\t\t\t<\/div>\n\t\t\t\t<div class=\"elementor-element elementor-element-555053be elementor-widget elementor-widget-text-editor\" data-id=\"555053be\" data-element_type=\"widget\" data-e-type=\"widget\" data-widget_type=\"text-editor.default\">\n\t\t\t\t\t\t\t\t\t<p class=\"western\">Tecnolog\u00eda y servicios organizados <span style=\"color: #7629f2;\"><strong>desde los retos reales del comercio<\/strong><\/span>.<br \/>No se trata de ver herramientas por ver herramientas.<br \/>Se trata de entender<span style=\"color: #7629f2;\"><strong> qu\u00e9 problema tienes<\/strong><\/span> hoy y <span style=\"color: #7629f2;\"><strong>qu\u00e9 tipo de soluci\u00f3n<\/strong><\/span> puede ayudarte.<\/p>\t\t\t\t\t\t\t\t<\/div>\n\t\t<div class=\"elementor-element elementor-element-d8b987f e-grid e-con-full e-con e-child\" data-id=\"d8b987f\" data-element_type=\"container\" data-e-type=\"container\" data-settings=\"{&quot;jet_parallax_layout_list&quot;:[],&quot;background_background&quot;:&quot;classic&quot;}\">\n\t\t\t\t<div class=\"elementor-element elementor-element-2579d22 elementor-widget elementor-widget-heading\" data-id=\"2579d22\" data-element_type=\"widget\" data-e-type=\"widget\" data-widget_type=\"heading.default\">\n\t\t\t\t\t<h2 class=\"elementor-heading-title elementor-size-default\">Explorar por reto<\/h2>\t\t\t\t<\/div>\n\t\t\t\t<div class=\"elementor-element elementor-element-1fc5a1f elementor-widget elementor-widget-heading\" data-id=\"1fc5a1f\" data-element_type=\"widget\" data-e-type=\"widget\" data-widget_type=\"heading.default\">\n\t\t\t\t\t<h2 class=\"elementor-heading-title elementor-size-default\">Explorar por Categor\u00eda<\/h2>\t\t\t\t<\/div>\n\t\t\t\t<div class=\"elementor-element elementor-element-3580eb0 elementor-widget elementor-widget-text-editor\" data-id=\"3580eb0\" data-element_type=\"widget\" data-e-type=\"widget\" data-widget_type=\"text-editor.default\">\n\t\t\t\t\t\t\t\t\t<p>\u00bfQu\u00e9 necesito mejorar?<\/p><p>Para retailers que saben qu\u00e9 les pasa, pero no qu\u00e9 tecnolog\u00eda necesitan.<\/p><p>\u00a0<\/p>\t\t\t\t\t\t\t\t<\/div>\n\t\t\t\t<div class=\"elementor-element elementor-element-51c7169 elementor-widget elementor-widget-text-editor\" data-id=\"51c7169\" data-element_type=\"widget\" data-e-type=\"widget\" data-widget_type=\"text-editor.default\">\n\t\t\t\t\t\t\t\t\t<p>Explorar soluciones<\/p><p>Para retailers que quieren ver \u00e1reas de soluci\u00f3n.<\/p>\t\t\t\t\t\t\t\t<\/div>\n\t\t\t\t<div class=\"elementor-element elementor-element-769a0dc elementor-widget elementor-widget-shortcode\" data-id=\"769a0dc\" data-element_type=\"widget\" data-e-type=\"widget\" data-widget_type=\"shortcode.default\">\n\t\t\t\t\t\t\t<div class=\"elementor-shortcode\"><form data-min-no-for-search=\"4\" data-result-box-max-height=\"400\" data-form-id=\"19662\" class=\"is-search-form is-disable-submit is-form-style is-form-style-3 is-form-id-19662 is-ajax-search\" action=\"https:\/\/retailtechconnect.com\/en\/\" method=\"get\" role=\"search\" data-trp-original-action=\"https:\/\/retailtechconnect.com\/en\/\" ><label for=\"is-search-input-19662\"><span class=\"is-screen-reader-text\">Search for:<\/span><input  type=\"search\" id=\"is-search-input-19662\" name=\"s\" value=\"\" class=\"is-search-input\" placeholder=\"Escribe tu problema\" autocomplete=\"off\" \/><span class=\"is-loader-image\" style=\"display: none;background-image:url(https:\/\/retailtechconnect.com\/wp-content\/plugins\/add-search-to-menu\/public\/images\/spinner.gif);\" ><\/span><\/label><button type=\"submit\" class=\"is-search-submit\"><span class=\"is-screen-reader-text\">Search Button<\/span><span class=\"is-search-icon\"><svg focusable=\"false\" aria-label=\"Search\" xmlns=\"http:\/\/www.w3.org\/2000\/svg\" viewbox=\"0 0 24 24\" width=\"24px\"><path d=\"M15.5 14h-.79l-.28-.27C15.41 12.59 16 11.11 16 9.5 16 5.91 13.09 3 9.5 3S3 5.91 3 9.5 5.91 16 9.5 16c1.61 0 3.09-.59 4.23-1.57l.27.28v.79l5 4.99L20.49 19l-4.99-5zm-6 0C7.01 14 5 11.99 5 9.5S7.01 5 9.5 5 14 7.01 14 9.5 11.99 14 9.5 14z\"><\/path><\/svg><\/span><\/button><input type=\"hidden\" name=\"id\" value=\"19662\" \/><input type=\"hidden\" name=\"post_type\" value=\"page\" \/><input type=\"hidden\" name=\"trp-form-language\" value=\"en\"\/><\/form><\/div>\n\t\t\t\t\t\t<\/div>\n\t\t\t\t<div class=\"elementor-element elementor-element-4112416 elementor-nav-menu--dropdown-tablet elementor-nav-menu__text-align-aside elementor-widget elementor-widget-nav-menu\" data-id=\"4112416\" data-element_type=\"widget\" data-e-type=\"widget\" data-settings=\"{&quot;layout&quot;:&quot;horizontal&quot;,&quot;submenu_icon&quot;:{&quot;value&quot;:&quot;&lt;svg aria-hidden=\\&quot;true\\&quot; class=\\&quot;e-font-icon-svg e-fas-caret-down\\&quot; viewBox=\\&quot;0 0 320 512\\&quot; xmlns=\\&quot;http:\\\/\\\/www.w3.org\\\/2000\\\/svg\\&quot;&gt;&lt;path d=\\&quot;M31.3 192h257.3c17.8 0 26.7 21.5 14.1 34.1L174.1 354.8c-7.8 7.8-20.5 7.8-28.3 0L17.2 226.1C4.6 213.5 13.5 192 31.3 192z\\&quot;&gt;&lt;\\\/path&gt;&lt;\\\/svg&gt;&quot;,&quot;library&quot;:&quot;fa-solid&quot;}}\" data-widget_type=\"nav-menu.default\">\n\t\t\t\t\t\t\t\t<nav aria-label=\"Menu\" class=\"elementor-nav-menu--main elementor-nav-menu__container elementor-nav-menu--layout-horizontal e--pointer-underline e--animation-fade\">\n\t\t\t\t<ul id=\"menu-1-4112416\" class=\"elementor-nav-menu\"><li class=\"menu-item menu-item-type-post_type menu-item-object-page menu-item-19718\"><a href=\"https:\/\/retailtechconnect.com\/en\/soluciones-retail\/experiencia-de-cliente\/\" class=\"elementor-item\">Experiencia de cliente<\/a><\/li>\n<li class=\"menu-item menu-item-type-post_type menu-item-object-page menu-item-19739\"><a href=\"https:\/\/retailtechconnect.com\/en\/soluciones-retail\/marketing-fidelizacion-y-redes-sociales\/\" class=\"elementor-item\">Marketing, Fidelizaci\u00f3n y Redes Sociales<\/a><\/li>\n<\/ul>\t\t\t<\/nav>\n\t\t\t\t\t\t<nav class=\"elementor-nav-menu--dropdown elementor-nav-menu__container\" aria-hidden=\"true\">\n\t\t\t\t<ul id=\"menu-2-4112416\" class=\"elementor-nav-menu\"><li class=\"menu-item menu-item-type-post_type menu-item-object-page menu-item-19718\"><a href=\"https:\/\/retailtechconnect.com\/en\/soluciones-retail\/experiencia-de-cliente\/\" class=\"elementor-item\" tabindex=\"-1\">Experiencia de cliente<\/a><\/li>\n<li class=\"menu-item menu-item-type-post_type menu-item-object-page menu-item-19739\"><a href=\"https:\/\/retailtechconnect.com\/en\/soluciones-retail\/marketing-fidelizacion-y-redes-sociales\/\" class=\"elementor-item\" tabindex=\"-1\">Marketing, Fidelizaci\u00f3n y Redes Sociales<\/a><\/li>\n<\/ul>\t\t\t<\/nav>\n\t\t\t\t\t\t<\/div>\n\t\t\t\t<\/div>\n\t\t\t\t<\/div>\n\t\t\t\t<\/div>\n\t\t\t\t<\/div>","protected":false},"excerpt":{"rendered":"<p>Tecnolog\u00eda y servicios organizados desde los retos reales del comercio.No se trata de ver herramientas por ver herramientas.Se trata de entender qu\u00e9 problema tienes hoy y qu\u00e9 tipo de soluci\u00f3n puede ayudarte. Explorar por reto Explorar por Categor\u00eda \u00bfQu\u00e9 necesito mejorar? Para retailers que saben qu\u00e9 les pasa, pero no qu\u00e9 tecnolog\u00eda necesitan. \u00a0 Explorar [&hellip;]<\/p>\n","protected":false},"author":1,"featured_media":0,"parent":0,"menu_order":5,"comment_status":"closed","ping_status":"closed","template":"elementor_header_footer","meta":{"footnotes":""},"class_list":["post-19696","page","type-page","status-publish","hentry"],"yoast_head":"<!-- This site is optimized with the Yoast SEO plugin v27.4 - https:\/\/yoast.com\/product\/yoast-seo-wordpress\/ -->\n<title>Soluciones Retail - RetailTechConnect<\/title>\n<meta name=\"robots\" content=\"index, follow, max-snippet:-1, max-image-preview:large, max-video-preview:-1\" \/>\n<link rel=\"canonical\" href=\"https:\/\/retailtechconnect.com\/en\/soluciones-retail\/\" \/>\n<meta property=\"og:locale\" content=\"en_GB\" \/>\n<meta property=\"og:type\" content=\"article\" \/>\n<meta property=\"og:title\" content=\"Soluciones Retail - RetailTechConnect\" \/>\n<meta property=\"og:description\" content=\"Tecnolog\u00eda y servicios organizados desde los retos reales del comercio.No se trata de ver herramientas por ver herramientas.Se trata de entender qu\u00e9 problema tienes hoy y qu\u00e9 tipo de soluci\u00f3n puede ayudarte. Explorar por reto Explorar por Categor\u00eda \u00bfQu\u00e9 necesito mejorar? Para retailers que saben qu\u00e9 les pasa, pero no qu\u00e9 tecnolog\u00eda necesitan. \u00a0 Explorar [&hellip;]\" \/>\n<meta property=\"og:url\" content=\"https:\/\/retailtechconnect.com\/en\/soluciones-retail\/\" \/>\n<meta property=\"og:site_name\" content=\"RetailTechConnect\" \/>\n<meta property=\"article:modified_time\" content=\"2026-04-23T09:36:19+00:00\" \/>\n<meta name=\"twitter:card\" content=\"summary_large_image\" \/>\n<meta name=\"twitter:label1\" content=\"Estimated reading time\" \/>\n\t<meta name=\"twitter:data1\" content=\"1 minute\" \/>\n<script type=\"application\/ld+json\" class=\"yoast-schema-graph\">{\"@context\":\"https:\\\/\\\/schema.org\",\"@graph\":[{\"@type\":\"WebPage\",\"@id\":\"https:\\\/\\\/retailtechconnect.com\\\/soluciones-retail\\\/\",\"url\":\"https:\\\/\\\/retailtechconnect.com\\\/soluciones-retail\\\/\",\"name\":\"Soluciones Retail - RetailTechConnect\",\"isPartOf\":{\"@id\":\"https:\\\/\\\/retailtechconnect.com\\\/#website\"},\"datePublished\":\"2026-04-23T08:42:58+00:00\",\"dateModified\":\"2026-04-23T09:36:19+00:00\",\"breadcrumb\":{\"@id\":\"https:\\\/\\\/retailtechconnect.com\\\/soluciones-retail\\\/#breadcrumb\"},\"inLanguage\":\"en-GB\",\"potentialAction\":[{\"@type\":\"ReadAction\",\"target\":[\"https:\\\/\\\/retailtechconnect.com\\\/soluciones-retail\\\/\"]}]},{\"@type\":\"BreadcrumbList\",\"@id\":\"https:\\\/\\\/retailtechconnect.com\\\/soluciones-retail\\\/#breadcrumb\",\"itemListElement\":[{\"@type\":\"ListItem\",\"position\":1,\"name\":\"Portada\",\"item\":\"https:\\\/\\\/retailtechconnect.com\\\/\"},{\"@type\":\"ListItem\",\"position\":2,\"name\":\"Soluciones Retail\"}]},{\"@type\":\"WebSite\",\"@id\":\"https:\\\/\\\/retailtechconnect.com\\\/#website\",\"url\":\"https:\\\/\\\/retailtechconnect.com\\\/\",\"name\":\"RetailTechConnect\",\"description\":\"Un espacio para retailers y comercios que quieran avanzar en la era digital\",\"publisher\":{\"@id\":\"https:\\\/\\\/retailtechconnect.com\\\/#organization\"},\"potentialAction\":[{\"@type\":\"SearchAction\",\"target\":{\"@type\":\"EntryPoint\",\"urlTemplate\":\"https:\\\/\\\/retailtechconnect.com\\\/?s={search_term_string}\"},\"query-input\":{\"@type\":\"PropertyValueSpecification\",\"valueRequired\":true,\"valueName\":\"search_term_string\"}}],\"inLanguage\":\"en-GB\"},{\"@type\":\"Organization\",\"@id\":\"https:\\\/\\\/retailtechconnect.com\\\/#organization\",\"name\":\"RetailTechConnect\",\"url\":\"https:\\\/\\\/retailtechconnect.com\\\/\",\"logo\":{\"@type\":\"ImageObject\",\"inLanguage\":\"en-GB\",\"@id\":\"https:\\\/\\\/retailtechconnect.com\\\/#\\\/schema\\\/logo\\\/image\\\/\",\"url\":\"https:\\\/\\\/retailtechconnect.com\\\/wp-content\\\/uploads\\\/2026\\\/01\\\/WhatsApp-Image-2025-12-22-at-11.37.39-2.jpeg\",\"contentUrl\":\"https:\\\/\\\/retailtechconnect.com\\\/wp-content\\\/uploads\\\/2026\\\/01\\\/WhatsApp-Image-2025-12-22-at-11.37.39-2.jpeg\",\"width\":1320,\"height\":616,\"caption\":\"RetailTechConnect\"},\"image\":{\"@id\":\"https:\\\/\\\/retailtechconnect.com\\\/#\\\/schema\\\/logo\\\/image\\\/\"}}]}<\/script>\n<!-- \/ Yoast SEO plugin. -->","yoast_head_json":{"title":"Soluciones Retail - RetailTechConnect","robots":{"index":"index","follow":"follow","max-snippet":"max-snippet:-1","max-image-preview":"max-image-preview:large","max-video-preview":"max-video-preview:-1"},"canonical":"https:\/\/retailtechconnect.com\/en\/soluciones-retail\/","og_locale":"en_GB","og_type":"article","og_title":"Soluciones Retail - RetailTechConnect","og_description":"Tecnolog\u00eda y servicios organizados desde los retos reales del comercio.No se trata de ver herramientas por ver herramientas.Se trata de entender qu\u00e9 problema tienes hoy y qu\u00e9 tipo de soluci\u00f3n puede ayudarte. Explorar por reto Explorar por Categor\u00eda \u00bfQu\u00e9 necesito mejorar? Para retailers que saben qu\u00e9 les pasa, pero no qu\u00e9 tecnolog\u00eda necesitan. \u00a0 Explorar [&hellip;]","og_url":"https:\/\/retailtechconnect.com\/en\/soluciones-retail\/","og_site_name":"RetailTechConnect","article_modified_time":"2026-04-23T09:36:19+00:00","twitter_card":"summary_large_image","twitter_misc":{"Estimated reading time":"1 minute"},"schema":{"@context":"https:\/\/schema.org","@graph":[{"@type":"WebPage","@id":"https:\/\/retailtechconnect.com\/soluciones-retail\/","url":"https:\/\/retailtechconnect.com\/soluciones-retail\/","name":"Soluciones Retail - RetailTechConnect","isPartOf":{"@id":"https:\/\/retailtechconnect.com\/#website"},"datePublished":"2026-04-23T08:42:58+00:00","dateModified":"2026-04-23T09:36:19+00:00","breadcrumb":{"@id":"https:\/\/retailtechconnect.com\/soluciones-retail\/#breadcrumb"},"inLanguage":"en-GB","potentialAction":[{"@type":"ReadAction","target":["https:\/\/retailtechconnect.com\/soluciones-retail\/"]}]},{"@type":"BreadcrumbList","@id":"https:\/\/retailtechconnect.com\/soluciones-retail\/#breadcrumb","itemListElement":[{"@type":"ListItem","position":1,"name":"Portada","item":"https:\/\/retailtechconnect.com\/"},{"@type":"ListItem","position":2,"name":"Soluciones Retail"}]},{"@type":"WebSite","@id":"https:\/\/retailtechconnect.com\/#website","url":"https:\/\/retailtechconnect.com\/","name":"RetailTechConnect","description":"A space for retailers and businesses that want to move forward in the digital age.","publisher":{"@id":"https:\/\/retailtechconnect.com\/#organization"},"potentialAction":[{"@type":"SearchAction","target":{"@type":"EntryPoint","urlTemplate":"https:\/\/retailtechconnect.com\/?s={search_term_string}"},"query-input":{"@type":"PropertyValueSpecification","valueRequired":true,"valueName":"search_term_string"}}],"inLanguage":"en-GB"},{"@type":"Organization","@id":"https:\/\/retailtechconnect.com\/#organization","name":"RetailTechConnect","url":"https:\/\/retailtechconnect.com\/","logo":{"@type":"ImageObject","inLanguage":"en-GB","@id":"https:\/\/retailtechconnect.com\/#\/schema\/logo\/image\/","url":"https:\/\/retailtechconnect.com\/wp-content\/uploads\/2026\/01\/WhatsApp-Image-2025-12-22-at-11.37.39-2.jpeg","contentUrl":"https:\/\/retailtechconnect.com\/wp-content\/uploads\/2026\/01\/WhatsApp-Image-2025-12-22-at-11.37.39-2.jpeg","width":1320,"height":616,"caption":"RetailTechConnect"},"image":{"@id":"https:\/\/retailtechconnect.com\/#\/schema\/logo\/image\/"}}]}},"jetpack_sharing_enabled":true,"_links":{"self":[{"href":"https:\/\/retailtechconnect.com\/en\/wp-json\/wp\/v2\/pages\/19696","targetHints":{"allow":["GET"]}}],"collection":[{"href":"https:\/\/retailtechconnect.com\/en\/wp-json\/wp\/v2\/pages"}],"about":[{"href":"https:\/\/retailtechconnect.com\/en\/wp-json\/wp\/v2\/types\/page"}],"author":[{"embeddable":true,"href":"https:\/\/retailtechconnect.com\/en\/wp-json\/wp\/v2\/users\/1"}],"replies":[{"embeddable":true,"href":"https:\/\/retailtechconnect.com\/en\/wp-json\/wp\/v2\/comments?post=19696"}],"version-history":[{"count":31,"href":"https:\/\/retailtechconnect.com\/en\/wp-json\/wp\/v2\/pages\/19696\/revisions"}],"predecessor-version":[{"id":19742,"href":"https:\/\/retailtechconnect.com\/en\/wp-json\/wp\/v2\/pages\/19696\/revisions\/19742"}],"wp:attachment":[{"href":"https:\/\/retailtechconnect.com\/en\/wp-json\/wp\/v2\/media?parent=19696"}],"curies":[{"name":"wp","href":"https:\/\/api.w.org\/{rel}","templated":true}]}}