{"id":19659,"date":"2026-04-21T10:12:42","date_gmt":"2026-04-21T08:12:42","guid":{"rendered":"https:\/\/retailtechconnect.com\/?page_id=19659"},"modified":"2026-04-21T10:40:24","modified_gmt":"2026-04-21T08:40:24","slug":"data-analitica-e-ia","status":"publish","type":"page","link":"https:\/\/retailtechconnect.com\/en\/data-analitica-e-ia\/","title":{"rendered":"Data, Anal\u00edtica e IA"},"content":{"rendered":"<div data-elementor-type=\"wp-page\" data-elementor-id=\"19659\" class=\"elementor elementor-19659\" data-elementor-post-type=\"page\">\n\t\t\t\t<div class=\"elementor-element elementor-element-774dd0b4 e-flex e-con-boxed e-con e-parent\" data-id=\"774dd0b4\" data-element_type=\"container\" data-e-type=\"container\" data-settings=\"{&quot;jet_parallax_layout_list&quot;:[]}\">\n\t\t\t\t\t<div class=\"e-con-inner\">\n\t\t\t\t<div class=\"elementor-element elementor-element-50efe4ae elementor-widget elementor-widget-text-editor\" data-id=\"50efe4ae\" data-element_type=\"widget\" data-e-type=\"widget\" data-widget_type=\"text-editor.default\">\n\t\t\t\t\t\t\t\t\t<h2>Servicios<\/h2>\r\nSi tu empresa <strong>ayuda al comercio a crecer<\/strong>, este es tu sitio. S\u00famate a RetailTechConnect y visibiliza tu servicio junto a otras <strong>marcas que trabajan por un retail m\u00e1s fuerte y cercano<\/strong>.\r\n\r\n<a href=\"https:\/\/numa-extremadura.es\/\">\r\n<\/a>\r\n<a href=\"https:\/\/nunow.it\/\">\r\n<\/a>\r\n<a href=\"https:\/\/www.diverso-retail.com\/\">\r\n<\/a>\r\n\r\n\r\n<a href=\"https:\/\/www.fuerzacomercial.es\/\">\r\n<\/a>\r\n<a href=\"https:\/\/foroexitofranquicia.com\/\">\r\n<\/a>\r\n<a href=\"https:\/\/idero.tech\/\">\r\n<\/a>\r\n<a href=\"https:\/\/collbaix.com\/\">\r\n<\/a>\r\n<a href=\"https:\/\/tenderbuilding.com\/\">\r\n<\/a>\t\t\t\t\t\t\t\t<\/div>\n\t\t\t\t<div class=\"elementor-element elementor-element-30d1f59 elementor-widget elementor-widget-shortcode\" data-id=\"30d1f59\" data-element_type=\"widget\" data-e-type=\"widget\" data-widget_type=\"shortcode.default\">\n\t\t\t\t\t\t\t<div class=\"elementor-shortcode\"><form data-min-no-for-search=\"4\" data-result-box-max-height=\"400\" data-form-id=\"19662\" class=\"is-search-form is-disable-submit is-form-style is-form-style-3 is-form-id-19662 is-ajax-search\" action=\"https:\/\/retailtechconnect.com\/en\/\" method=\"get\" role=\"search\" data-trp-original-action=\"https:\/\/retailtechconnect.com\/en\/\" ><label for=\"is-search-input-19662\"><span class=\"is-screen-reader-text\">Search for:<\/span><input  type=\"search\" id=\"is-search-input-19662\" name=\"s\" value=\"\" class=\"is-search-input\" placeholder=\"Escribe tu problema\" autocomplete=\"off\" \/><span class=\"is-loader-image\" style=\"display: none;background-image:url(https:\/\/retailtechconnect.com\/wp-content\/plugins\/add-search-to-menu\/public\/images\/spinner.gif);\" ><\/span><\/label><button type=\"submit\" class=\"is-search-submit\"><span class=\"is-screen-reader-text\">Search Button<\/span><span class=\"is-search-icon\"><svg focusable=\"false\" aria-label=\"Search\" xmlns=\"http:\/\/www.w3.org\/2000\/svg\" viewbox=\"0 0 24 24\" width=\"24px\"><path d=\"M15.5 14h-.79l-.28-.27C15.41 12.59 16 11.11 16 9.5 16 5.91 13.09 3 9.5 3S3 5.91 3 9.5 5.91 16 9.5 16c1.61 0 3.09-.59 4.23-1.57l.27.28v.79l5 4.99L20.49 19l-4.99-5zm-6 0C7.01 14 5 11.99 5 9.5S7.01 5 9.5 5 14 7.01 14 9.5 11.99 14 9.5 14z\"><\/path><\/svg><\/span><\/button><input type=\"hidden\" name=\"id\" value=\"19662\" \/><input type=\"hidden\" name=\"post_type\" value=\"page\" \/><input type=\"hidden\" name=\"trp-form-language\" value=\"en\"\/><\/form><\/div>\n\t\t\t\t\t\t<\/div>\n\t\t\t\t<div class=\"elementor-element elementor-element-15e0f9f elementor-widget elementor-widget-search\" data-id=\"15e0f9f\" data-element_type=\"widget\" data-e-type=\"widget\" data-settings=\"{&quot;submit_trigger&quot;:&quot;click_submit&quot;,&quot;pagination_type_options&quot;:&quot;none&quot;}\" data-widget_type=\"search.default\">\n\t\t\t\t\t\t\t<search class=\"e-search hidden\" role=\"search\">\n\t\t\t<form class=\"e-search-form\" action=\"https:\/\/retailtechconnect.com\/en\/\" method=\"get\" data-trp-original-action=\"https:\/\/retailtechconnect.com\/en\">\n\n\t\t\t\t\n\t\t\t\t<label class=\"e-search-label\" for=\"search-15e0f9f\">\n\t\t\t\t\t<span class=\"elementor-screen-only\">\n\t\t\t\t\t\tSearch\t\t\t\t\t<\/span>\n\t\t\t\t\t\t\t\t\t<\/label>\n\n\t\t\t\t<div class=\"e-search-input-wrapper\">\n\t\t\t\t\t<input id=\"search-15e0f9f\" placeholder=\"Escribe para comenzar a buscar...\" class=\"e-search-input\" type=\"search\" name=\"s\" value=\"\" autocomplete=\"off\" role=\"combobox\" aria-autocomplete=\"list\" aria-expanded=\"false\" aria-controls=\"results-15e0f9f\" aria-haspopup=\"listbox\">\n\t\t\t\t\t<svg aria-hidden=\"true\" class=\"e-font-icon-svg e-fas-times\" viewbox=\"0 0 352 512\" xmlns=\"http:\/\/www.w3.org\/2000\/svg\"><path d=\"M242.72 256l100.07-100.07c12.28-12.28 12.28-32.19 0-44.48l-22.24-22.24c-12.28-12.28-32.19-12.28-44.48 0L176 189.28 75.93 89.21c-12.28-12.28-32.19-12.28-44.48 0L9.21 111.45c-12.28 12.28-12.28 32.19 0 44.48L109.28 256 9.21 356.07c-12.28 12.28-12.28 32.19 0 44.48l22.24 22.24c12.28 12.28 32.2 12.28 44.48 0L176 322.72l100.07 100.07c12.28 12.28 32.2 12.28 44.48 0l22.24-22.24c12.28-12.28 12.28-32.19 0-44.48L242.72 256z\"><\/path><\/svg>\t\t\t\t\t\t\t\t\t\t<output id=\"results-15e0f9f\" class=\"e-search-results-container hide-loader\" aria-live=\"polite\" aria-atomic=\"true\" aria-label=\"Results for search\" tabindex=\"0\">\n\t\t\t\t\t\t<div class=\"e-search-results\"><\/div>\n\t\t\t\t\t\t\t\t\t\t\t<\/output>\n\t\t\t\t\t\t\t\t\t<\/div>\n\t\t\t\t\n\t\t\t\t\n\t\t\t\t<button class=\"e-search-submit\" type=\"submit\">\n\t\t\t\t\t\n\t\t\t\t\t\t\t\t\t\t<span class=\"\">\n\t\t\t\t\t\tBuscar\t\t\t\t\t<\/span>\n\t\t\t\t\t\t\t\t\t<\/button>\n\t\t\t\t<input type=\"hidden\" name=\"e_search_props\" value=\"15e0f9f-19659\">\n\t\t\t<input type=\"hidden\" name=\"trp-form-language\" value=\"en\"\/><\/form>\n\t\t<\/search>\n\t\t\t\t\t\t<\/div>\n\t\t\t\t<div class=\"elementor-element elementor-element-5caacd0 elementor-widget elementor-widget-wp-widget-pages\" data-id=\"5caacd0\" data-element_type=\"widget\" data-e-type=\"widget\" data-widget_type=\"wp-widget-pages.default\">\n\t\t\t\t<div class=\"elementor-widget-container\">\n\t\t\t\t\t<h5>Pages<\/h5>\n\t\t\t<ul>\n\t\t\t\t<li class=\"page_item page-item-19659\"><a href=\"https:\/\/retailtechconnect.com\/en\/data-analitica-e-ia\/\">Data, Anal\u00edtica e IA<\/a><\/li>\n<li class=\"page_item page-item-5090\"><a href=\"https:\/\/retailtechconnect.com\/en\/\">Home<\/a><\/li>\n<li class=\"page_item page-item-5130 page_item_has_children\"><a href=\"https:\/\/retailtechconnect.com\/en\/retailers\/\">Retailers<\/a>\n<ul class='children'>\n\t<li class=\"page_item page-item-19368\"><a href=\"https:\/\/retailtechconnect.com\/en\/retailers\/retailers\/\">Retailers<\/a><\/li>\n<\/ul>\n<\/li>\n<li class=\"page_item page-item-3331 page_item_has_children\"><a href=\"https:\/\/retailtechconnect.com\/en\/empresas-de-servicios\/\">Service Companies<\/a>\n<ul class='children'>\n\t<li class=\"page_item page-item-19370\"><a href=\"https:\/\/retailtechconnect.com\/en\/empresas-de-servicios\/servicios\/\">Servicios<\/a><\/li>\n<\/ul>\n<\/li>\n<li class=\"page_item page-item-5229\"><a href=\"https:\/\/retailtechconnect.com\/en\/casos-insights\/\">Cases &amp; Insights<\/a><\/li>\n<li class=\"page_item page-item-18938 page_item_has_children\"><a href=\"https:\/\/retailtechconnect.com\/en\/eventos-conexiones\/\">Events &amp; Connections<\/a>\n<ul class='children'>\n\t<li class=\"page_item page-item-5610\"><a href=\"https:\/\/retailtechconnect.com\/en\/eventos-conexiones\/encuentros\/\">Meetings<\/a><\/li>\n\t<li class=\"page_item page-item-18955\"><a href=\"https:\/\/retailtechconnect.com\/en\/eventos-conexiones\/mesas-de-trabajo\/\">Work tables<\/a><\/li>\n\t<li class=\"page_item page-item-5646\"><a href=\"https:\/\/retailtechconnect.com\/en\/eventos-conexiones\/safaris-retail\/\">Retail Safaris<\/a><\/li>\n<\/ul>\n<\/li>\n<li class=\"page_item page-item-19696 page_item_has_children\"><a href=\"https:\/\/retailtechconnect.com\/en\/soluciones-retail\/\">Soluciones Retail<\/a>\n<ul class='children'>\n\t<li class=\"page_item page-item-19676\"><a href=\"https:\/\/retailtechconnect.com\/en\/soluciones-retail\/experiencia-de-cliente\/\">Experiencia de cliente<\/a><\/li>\n\t<li class=\"page_item page-item-19728\"><a href=\"https:\/\/retailtechconnect.com\/en\/soluciones-retail\/marketing-fidelizacion-y-redes-sociales\/\">Marketing, Fidelizaci\u00f3n y Redes Sociales<\/a><\/li>\n<\/ul>\n<\/li>\n<li class=\"page_item page-item-18971\"><a href=\"https:\/\/retailtechconnect.com\/en\/tech-for-people\/\">Tech for People<\/a><\/li>\n<li class=\"page_item page-item-5926\"><a href=\"https:\/\/retailtechconnect.com\/en\/pricing\/\">Pricing<\/a><\/li>\n<li class=\"page_item page-item-5800\"><a href=\"https:\/\/retailtechconnect.com\/en\/unete\/\">Join<\/a><\/li>\n\t\t\t<\/ul>\n\n\t\t\t\t\t\t\t<\/div>\n\t\t\t\t<\/div>\n\t\t\t\t<div class=\"elementor-element elementor-element-a591138 elementor-widget elementor-widget-wp-widget-search\" data-id=\"a591138\" data-element_type=\"widget\" data-e-type=\"widget\" data-widget_type=\"wp-widget-search.default\">\n\t\t\t\t<div class=\"elementor-widget-container\">\n\t\t\t\t\t<form role=\"search\" method=\"get\" class=\"search-form\" action=\"https:\/\/retailtechconnect.com\/en\/\" data-trp-original-action=\"https:\/\/retailtechconnect.com\/en\/\">\n\t<label>\n\t\t<span class=\"screen-reader-text\">Search for:<\/span>\n\t\t<input type=\"search\" class=\"search-form__field\" placeholder=\"Enter keyword search\" value=\"\" name=\"s\">\n\t<\/label>\n\t<button type=\"submit\" class=\"search-form__submit btn btn-primary\"><i class=\"fa fa-search\" aria-hidden=\"true\"><\/i><\/button>\n<input type=\"hidden\" name=\"trp-form-language\" value=\"en\"\/><\/form>\n\t\t\t\t<\/div>\n\t\t\t\t<\/div>\n\t\t\t\t<div class=\"elementor-element elementor-element-242a0ff elementor-widget elementor-widget-jet-search\" data-id=\"242a0ff\" data-element_type=\"widget\" data-e-type=\"widget\" data-widget_type=\"jet-search.default\">\n\t\t\t\t<div class=\"elementor-widget-container\">\n\t\t\t\t\t<div class=\"elementor-jet-search jet-blocks\"><div class=\"jet-search\"><form role=\"search\" method=\"get\" class=\"jet-search__form\" action=\"https:\/\/retailtechconnect.com\/en\/\" data-trp-original-action=\"https:\/\/retailtechconnect.com\/en\/\">\n\t<label class=\"jet-search__label\">\n\t\t<span class=\"screen-reader-text\">Search &hellip;<\/span>\n\t\t<input type=\"search\" class=\"jet-search__field\"  placeholder=\"Search &hellip;\" value=\"\" name=\"s\" aria-label=\"Search &hellip;\" \/>\n\t<\/label>\n\t\t<button type=\"submit\" class=\"jet-search__submit\" aria-label=\"submit search\"><span class=\"jet-search__submit-icon jet-blocks-icon\"><svg aria-hidden=\"true\" class=\"e-font-icon-svg e-fas-search\" viewbox=\"0 0 512 512\" xmlns=\"http:\/\/www.w3.org\/2000\/svg\"><path d=\"M505 442.7L405.3 343c-4.5-4.5-10.6-7-17-7H372c27.6-35.3 44-79.7 44-128C416 93.1 322.9 0 208 0S0 93.1 0 208s93.1 208 208 208c48.3 0 92.7-16.4 128-44v16.3c0 6.4 2.5 12.5 7 17l99.7 99.7c9.4 9.4 24.6 9.4 33.9 0l28.3-28.3c9.4-9.4 9.4-24.6.1-34zM208 336c-70.7 0-128-57.2-128-128 0-70.7 57.2-128 128-128 70.7 0 128 57.2 128 128 0 70.7-57.2 128-128 128z\"><\/path><\/svg><\/span><\/button>\n\t\t\t<input type=\"hidden\" name=\"trp-form-language\" value=\"en\"\/><\/form><\/div><\/div>\t\t\t\t<\/div>\n\t\t\t\t<\/div>\n\t\t\t\t\t<\/div>\n\t\t\t\t<\/div>\n\t\t\t\t<\/div>","protected":false},"excerpt":{"rendered":"<p>Servicios Si tu empresa ayuda al comercio a crecer, este es tu sitio. S\u00famate a RetailTechConnect y visibiliza tu servicio junto a otras marcas que trabajan por un retail m\u00e1s fuerte y cercano. Buscar Buscar Search &hellip;<\/p>","protected":false},"author":1,"featured_media":0,"parent":0,"menu_order":0,"comment_status":"closed","ping_status":"closed","template":"elementor_header_footer","meta":{"footnotes":""},"class_list":["post-19659","page","type-page","status-publish","hentry"],"yoast_head":"<!-- This site is optimized with the Yoast SEO plugin v27.4 - https:\/\/yoast.com\/product\/yoast-seo-wordpress\/ -->\n<title>Data, Anal\u00edtica e IA - RetailTechConnect<\/title>\n<meta name=\"robots\" content=\"index, follow, max-snippet:-1, max-image-preview:large, max-video-preview:-1\" \/>\n<link rel=\"canonical\" href=\"https:\/\/retailtechconnect.com\/en\/data-analitica-e-ia\/\" \/>\n<meta property=\"og:locale\" content=\"en_GB\" \/>\n<meta property=\"og:type\" content=\"article\" \/>\n<meta property=\"og:title\" content=\"Data, Anal\u00edtica e IA - RetailTechConnect\" \/>\n<meta property=\"og:description\" content=\"Servicios Si tu empresa ayuda al comercio a crecer, este es tu sitio. S\u00famate a RetailTechConnect y visibiliza tu servicio junto a otras marcas que trabajan por un retail m\u00e1s fuerte y cercano. Buscar Buscar Search &hellip;\" \/>\n<meta property=\"og:url\" content=\"https:\/\/retailtechconnect.com\/en\/data-analitica-e-ia\/\" \/>\n<meta property=\"og:site_name\" content=\"RetailTechConnect\" \/>\n<meta property=\"article:modified_time\" content=\"2026-04-21T08:40:24+00:00\" \/>\n<meta name=\"twitter:card\" content=\"summary_large_image\" \/>\n<meta name=\"twitter:label1\" content=\"Estimated reading time\" \/>\n\t<meta name=\"twitter:data1\" content=\"1 minute\" \/>\n<script type=\"application\/ld+json\" class=\"yoast-schema-graph\">{\"@context\":\"https:\\\/\\\/schema.org\",\"@graph\":[{\"@type\":\"WebPage\",\"@id\":\"https:\\\/\\\/retailtechconnect.com\\\/data-analitica-e-ia\\\/\",\"url\":\"https:\\\/\\\/retailtechconnect.com\\\/data-analitica-e-ia\\\/\",\"name\":\"Data, Anal\u00edtica e IA - RetailTechConnect\",\"isPartOf\":{\"@id\":\"https:\\\/\\\/retailtechconnect.com\\\/#website\"},\"datePublished\":\"2026-04-21T08:12:42+00:00\",\"dateModified\":\"2026-04-21T08:40:24+00:00\",\"breadcrumb\":{\"@id\":\"https:\\\/\\\/retailtechconnect.com\\\/data-analitica-e-ia\\\/#breadcrumb\"},\"inLanguage\":\"en-GB\",\"potentialAction\":[{\"@type\":\"ReadAction\",\"target\":[\"https:\\\/\\\/retailtechconnect.com\\\/data-analitica-e-ia\\\/\"]}]},{\"@type\":\"BreadcrumbList\",\"@id\":\"https:\\\/\\\/retailtechconnect.com\\\/data-analitica-e-ia\\\/#breadcrumb\",\"itemListElement\":[{\"@type\":\"ListItem\",\"position\":1,\"name\":\"Portada\",\"item\":\"https:\\\/\\\/retailtechconnect.com\\\/\"},{\"@type\":\"ListItem\",\"position\":2,\"name\":\"Data, Anal\u00edtica e IA\"}]},{\"@type\":\"WebSite\",\"@id\":\"https:\\\/\\\/retailtechconnect.com\\\/#website\",\"url\":\"https:\\\/\\\/retailtechconnect.com\\\/\",\"name\":\"RetailTechConnect\",\"description\":\"Un espacio para retailers y comercios que quieran avanzar en la era digital\",\"publisher\":{\"@id\":\"https:\\\/\\\/retailtechconnect.com\\\/#organization\"},\"potentialAction\":[{\"@type\":\"SearchAction\",\"target\":{\"@type\":\"EntryPoint\",\"urlTemplate\":\"https:\\\/\\\/retailtechconnect.com\\\/?s={search_term_string}\"},\"query-input\":{\"@type\":\"PropertyValueSpecification\",\"valueRequired\":true,\"valueName\":\"search_term_string\"}}],\"inLanguage\":\"en-GB\"},{\"@type\":\"Organization\",\"@id\":\"https:\\\/\\\/retailtechconnect.com\\\/#organization\",\"name\":\"RetailTechConnect\",\"url\":\"https:\\\/\\\/retailtechconnect.com\\\/\",\"logo\":{\"@type\":\"ImageObject\",\"inLanguage\":\"en-GB\",\"@id\":\"https:\\\/\\\/retailtechconnect.com\\\/#\\\/schema\\\/logo\\\/image\\\/\",\"url\":\"https:\\\/\\\/retailtechconnect.com\\\/wp-content\\\/uploads\\\/2026\\\/01\\\/WhatsApp-Image-2025-12-22-at-11.37.39-2.jpeg\",\"contentUrl\":\"https:\\\/\\\/retailtechconnect.com\\\/wp-content\\\/uploads\\\/2026\\\/01\\\/WhatsApp-Image-2025-12-22-at-11.37.39-2.jpeg\",\"width\":1320,\"height\":616,\"caption\":\"RetailTechConnect\"},\"image\":{\"@id\":\"https:\\\/\\\/retailtechconnect.com\\\/#\\\/schema\\\/logo\\\/image\\\/\"}}]}<\/script>\n<!-- \/ Yoast SEO plugin. -->","yoast_head_json":{"title":"Data, Anal\u00edtica e IA - RetailTechConnect","robots":{"index":"index","follow":"follow","max-snippet":"max-snippet:-1","max-image-preview":"max-image-preview:large","max-video-preview":"max-video-preview:-1"},"canonical":"https:\/\/retailtechconnect.com\/en\/data-analitica-e-ia\/","og_locale":"en_GB","og_type":"article","og_title":"Data, Anal\u00edtica e IA - RetailTechConnect","og_description":"Servicios Si tu empresa ayuda al comercio a crecer, este es tu sitio. S\u00famate a RetailTechConnect y visibiliza tu servicio junto a otras marcas que trabajan por un retail m\u00e1s fuerte y cercano. Buscar Buscar Search &hellip;","og_url":"https:\/\/retailtechconnect.com\/en\/data-analitica-e-ia\/","og_site_name":"RetailTechConnect","article_modified_time":"2026-04-21T08:40:24+00:00","twitter_card":"summary_large_image","twitter_misc":{"Estimated reading time":"1 minute"},"schema":{"@context":"https:\/\/schema.org","@graph":[{"@type":"WebPage","@id":"https:\/\/retailtechconnect.com\/data-analitica-e-ia\/","url":"https:\/\/retailtechconnect.com\/data-analitica-e-ia\/","name":"Data, Anal\u00edtica e IA - RetailTechConnect","isPartOf":{"@id":"https:\/\/retailtechconnect.com\/#website"},"datePublished":"2026-04-21T08:12:42+00:00","dateModified":"2026-04-21T08:40:24+00:00","breadcrumb":{"@id":"https:\/\/retailtechconnect.com\/data-analitica-e-ia\/#breadcrumb"},"inLanguage":"en-GB","potentialAction":[{"@type":"ReadAction","target":["https:\/\/retailtechconnect.com\/data-analitica-e-ia\/"]}]},{"@type":"BreadcrumbList","@id":"https:\/\/retailtechconnect.com\/data-analitica-e-ia\/#breadcrumb","itemListElement":[{"@type":"ListItem","position":1,"name":"Portada","item":"https:\/\/retailtechconnect.com\/"},{"@type":"ListItem","position":2,"name":"Data, Anal\u00edtica e IA"}]},{"@type":"WebSite","@id":"https:\/\/retailtechconnect.com\/#website","url":"https:\/\/retailtechconnect.com\/","name":"RetailTechConnect","description":"A space for retailers and businesses that want to move forward in the digital age.","publisher":{"@id":"https:\/\/retailtechconnect.com\/#organization"},"potentialAction":[{"@type":"SearchAction","target":{"@type":"EntryPoint","urlTemplate":"https:\/\/retailtechconnect.com\/?s={search_term_string}"},"query-input":{"@type":"PropertyValueSpecification","valueRequired":true,"valueName":"search_term_string"}}],"inLanguage":"en-GB"},{"@type":"Organization","@id":"https:\/\/retailtechconnect.com\/#organization","name":"RetailTechConnect","url":"https:\/\/retailtechconnect.com\/","logo":{"@type":"ImageObject","inLanguage":"en-GB","@id":"https:\/\/retailtechconnect.com\/#\/schema\/logo\/image\/","url":"https:\/\/retailtechconnect.com\/wp-content\/uploads\/2026\/01\/WhatsApp-Image-2025-12-22-at-11.37.39-2.jpeg","contentUrl":"https:\/\/retailtechconnect.com\/wp-content\/uploads\/2026\/01\/WhatsApp-Image-2025-12-22-at-11.37.39-2.jpeg","width":1320,"height":616,"caption":"RetailTechConnect"},"image":{"@id":"https:\/\/retailtechconnect.com\/#\/schema\/logo\/image\/"}}]}},"jetpack_sharing_enabled":true,"_links":{"self":[{"href":"https:\/\/retailtechconnect.com\/en\/wp-json\/wp\/v2\/pages\/19659","targetHints":{"allow":["GET"]}}],"collection":[{"href":"https:\/\/retailtechconnect.com\/en\/wp-json\/wp\/v2\/pages"}],"about":[{"href":"https:\/\/retailtechconnect.com\/en\/wp-json\/wp\/v2\/types\/page"}],"author":[{"embeddable":true,"href":"https:\/\/retailtechconnect.com\/en\/wp-json\/wp\/v2\/users\/1"}],"replies":[{"embeddable":true,"href":"https:\/\/retailtechconnect.com\/en\/wp-json\/wp\/v2\/comments?post=19659"}],"version-history":[{"count":4,"href":"https:\/\/retailtechconnect.com\/en\/wp-json\/wp\/v2\/pages\/19659\/revisions"}],"predecessor-version":[{"id":19668,"href":"https:\/\/retailtechconnect.com\/en\/wp-json\/wp\/v2\/pages\/19659\/revisions\/19668"}],"wp:attachment":[{"href":"https:\/\/retailtechconnect.com\/en\/wp-json\/wp\/v2\/media?parent=19659"}],"curies":[{"name":"wp","href":"https:\/\/api.w.org\/{rel}","templated":true}]}}