{"id":18938,"date":"2026-01-12T09:47:34","date_gmt":"2026-01-12T08:47:34","guid":{"rendered":"https:\/\/retailtechconnect.com\/?page_id=18938"},"modified":"2026-04-01T13:05:34","modified_gmt":"2026-04-01T11:05:34","slug":"eventos-conexiones","status":"publish","type":"page","link":"https:\/\/retailtechconnect.com\/en\/eventos-conexiones\/","title":{"rendered":"Events &amp; Connections"},"content":{"rendered":"\t\t<div data-elementor-type=\"wp-page\" data-elementor-id=\"18938\" class=\"elementor elementor-18938\" data-elementor-post-type=\"page\">\n\t\t\t\t\t\t<section class=\"elementor-section elementor-top-section elementor-element elementor-element-148f9cc3 elementor-section-boxed elementor-section-height-default elementor-section-height-default\" data-id=\"148f9cc3\" data-element_type=\"section\" data-e-type=\"section\" data-settings=\"{&quot;jet_parallax_layout_list&quot;:[{&quot;jet_parallax_layout_image&quot;:{&quot;url&quot;:&quot;&quot;,&quot;id&quot;:&quot;&quot;,&quot;size&quot;:&quot;&quot;},&quot;_id&quot;:&quot;e5961ab&quot;,&quot;jet_parallax_layout_speed&quot;:{&quot;unit&quot;:&quot;%&quot;,&quot;size&quot;:50,&quot;sizes&quot;:[]},&quot;jet_parallax_layout_image_tablet&quot;:{&quot;url&quot;:&quot;&quot;,&quot;id&quot;:&quot;&quot;,&quot;size&quot;:&quot;&quot;},&quot;jet_parallax_layout_image_mobile&quot;:{&quot;url&quot;:&quot;&quot;,&quot;id&quot;:&quot;&quot;,&quot;size&quot;:&quot;&quot;},&quot;jet_parallax_layout_type&quot;:&quot;scroll&quot;,&quot;jet_parallax_layout_direction&quot;:&quot;1&quot;,&quot;jet_parallax_layout_fx_direction&quot;:null,&quot;jet_parallax_layout_z_index&quot;:&quot;&quot;,&quot;jet_parallax_layout_bg_x&quot;:50,&quot;jet_parallax_layout_bg_x_tablet&quot;:&quot;&quot;,&quot;jet_parallax_layout_bg_x_mobile&quot;:&quot;&quot;,&quot;jet_parallax_layout_bg_y&quot;:50,&quot;jet_parallax_layout_bg_y_tablet&quot;:&quot;&quot;,&quot;jet_parallax_layout_bg_y_mobile&quot;:&quot;&quot;,&quot;jet_parallax_layout_bg_size&quot;:&quot;auto&quot;,&quot;jet_parallax_layout_bg_size_tablet&quot;:&quot;&quot;,&quot;jet_parallax_layout_bg_size_mobile&quot;:&quot;&quot;,&quot;jet_parallax_layout_animation_prop&quot;:&quot;transform&quot;,&quot;jet_parallax_layout_on&quot;:[&quot;desktop&quot;,&quot;tablet&quot;]}],&quot;background_background&quot;:&quot;gradient&quot;}\">\n\t\t\t\t\t\t<div class=\"elementor-container elementor-column-gap-default\">\n\t\t\t\t\t<div class=\"elementor-column elementor-col-100 elementor-top-column elementor-element elementor-element-31646565\" data-id=\"31646565\" data-element_type=\"column\" data-e-type=\"column\">\n\t\t\t<div class=\"elementor-widget-wrap elementor-element-populated\">\n\t\t\t\t\t\t<div class=\"elementor-element elementor-element-1614e423 elementor-widget elementor-widget-heading\" data-id=\"1614e423\" data-element_type=\"widget\" data-e-type=\"widget\" data-widget_type=\"heading.default\">\n\t\t\t\t\t<div class=\"elementor-heading-title elementor-size-default\">Nuestros Servicios<\/div>\t\t\t\t<\/div>\n\t\t\t\t<div class=\"elementor-element elementor-element-79733587 elementor-widget elementor-widget-heading\" data-id=\"79733587\" data-element_type=\"widget\" data-e-type=\"widget\" data-widget_type=\"heading.default\">\n\t\t\t\t\t<h2 class=\"elementor-heading-title elementor-size-default\">Donde la conversaci\u00f3n pasa del contenido a la relaci\u00f3n<\/h2>\t\t\t\t<\/div>\n\t\t\t\t<div class=\"elementor-element elementor-element-3c3f4e11 elementor-widget elementor-widget-text-editor\" data-id=\"3c3f4e11\" data-element_type=\"widget\" data-e-type=\"widget\" data-widget_type=\"text-editor.default\">\n\t\t\t\t\t\t\t\t\t<p data-start=\"400\" data-end=\"669\">RetailTechConnect no entiende los eventos como escaparates ni las conexiones como oportunidades forzadas.<br data-start=\"505\" data-end=\"508\" \/>Este espacio existe para <span style=\"color: #7629f2;\"><strong data-start=\"533\" data-end=\"560\">crear encuentros \u00fatiles<\/strong><\/span>, donde retailers y empresas de servicios puedan <span style=\"color: #7629f2;\"><strong data-start=\"609\" data-end=\"649\">hablar desde la realidad del negocio<\/strong><\/span>, no desde el pitch.<\/p><p data-start=\"671\" data-end=\"757\">Aqu\u00ed, el valor no est\u00e1 en el volumen de asistentes, sino en <span style=\"color: #7629f2;\"><strong data-start=\"731\" data-end=\"756\">qui\u00e9n est\u00e1 y para qu\u00e9<\/strong><\/span>.<\/p><hr data-start=\"759\" data-end=\"762\" \/><p style=\"text-align: left;\" data-start=\"764\" data-end=\"879\">Los eventos y conexiones de RetailTechConnect nacen de una premisa clara:<br data-start=\"837\" data-end=\"840\" \/><span style=\"color: #7629f2;\"><strong data-start=\"840\" data-end=\"878\">primero entender, despu\u00e9s conectar<\/strong><\/span>.<\/p><p style=\"text-align: left;\" data-start=\"881\" data-end=\"919\">Por eso, toda interacci\u00f3n se apoya en:<\/p><ul style=\"text-align: left;\" data-start=\"920\" data-end=\"1033\"><li data-start=\"920\" data-end=\"958\"><p data-start=\"922\" data-end=\"958\">Necesidades previamente declaradas.<\/p><\/li><li data-start=\"959\" data-end=\"984\"><p data-start=\"961\" data-end=\"984\">Intereses compartidos.<\/p><\/li><li data-start=\"985\" data-end=\"1002\"><p data-start=\"987\" data-end=\"1002\">Contexto real.<\/p><\/li><li data-start=\"1003\" data-end=\"1033\"><p data-start=\"1005\" data-end=\"1033\">Consentimiento expl\u00edcito.<\/p><\/li><\/ul><p style=\"text-align: left;\" data-start=\"1035\" data-end=\"1099\">No hay din\u00e1micas comerciales encubiertas.<\/p><p style=\"text-align: left;\" data-start=\"1106\" data-end=\"1148\"><span style=\"color: #7629f2;\"><strong data-start=\"1106\" data-end=\"1148\">Tipos de eventos dentro del ecosistema.<\/strong><\/span><\/p><p style=\"text-align: left;\" data-start=\"1150\" data-end=\"1292\">RetailTechConnect impulsa distintos formatos, siempre con el mismo criterio:<br data-start=\"1226\" data-end=\"1229\" \/>Conversaciones \u00fatiles, grupos reducidos y foco en impacto real. <span style=\"color: #7629f2;\"><strong data-start=\"707\" data-end=\"780\">La cuota aplica\u00a0 a la participaci\u00f3n en Eventos &amp; Conexiones<\/strong><\/span> (One to One, eventos tem\u00e1ticos, mesas de trabajo, Safaris Retail y din\u00e1micas de relaci\u00f3n del ecosistema).<\/p>\t\t\t\t\t\t\t\t<\/div>\n\t\t\t\t\t<\/div>\n\t\t<\/div>\n\t\t\t\t\t<\/div>\n\t\t<\/section>\n\t\t\t\t<section class=\"elementor-section elementor-top-section elementor-element elementor-element-80c24b3 elementor-section-boxed elementor-section-height-default elementor-section-height-default\" data-id=\"80c24b3\" data-element_type=\"section\" data-e-type=\"section\" data-settings=\"{&quot;jet_parallax_layout_list&quot;:[{&quot;jet_parallax_layout_image&quot;:{&quot;url&quot;:&quot;&quot;,&quot;id&quot;:&quot;&quot;,&quot;size&quot;:&quot;&quot;},&quot;_id&quot;:&quot;002055e&quot;,&quot;jet_parallax_layout_speed&quot;:{&quot;unit&quot;:&quot;%&quot;,&quot;size&quot;:50,&quot;sizes&quot;:[]},&quot;jet_parallax_layout_image_tablet&quot;:{&quot;url&quot;:&quot;&quot;,&quot;id&quot;:&quot;&quot;,&quot;size&quot;:&quot;&quot;},&quot;jet_parallax_layout_image_mobile&quot;:{&quot;url&quot;:&quot;&quot;,&quot;id&quot;:&quot;&quot;,&quot;size&quot;:&quot;&quot;},&quot;jet_parallax_layout_type&quot;:&quot;scroll&quot;,&quot;jet_parallax_layout_direction&quot;:&quot;1&quot;,&quot;jet_parallax_layout_fx_direction&quot;:null,&quot;jet_parallax_layout_z_index&quot;:&quot;&quot;,&quot;jet_parallax_layout_bg_x&quot;:50,&quot;jet_parallax_layout_bg_x_tablet&quot;:&quot;&quot;,&quot;jet_parallax_layout_bg_x_mobile&quot;:&quot;&quot;,&quot;jet_parallax_layout_bg_y&quot;:50,&quot;jet_parallax_layout_bg_y_tablet&quot;:&quot;&quot;,&quot;jet_parallax_layout_bg_y_mobile&quot;:&quot;&quot;,&quot;jet_parallax_layout_bg_size&quot;:&quot;auto&quot;,&quot;jet_parallax_layout_bg_size_tablet&quot;:&quot;&quot;,&quot;jet_parallax_layout_bg_size_mobile&quot;:&quot;&quot;,&quot;jet_parallax_layout_animation_prop&quot;:&quot;transform&quot;,&quot;jet_parallax_layout_on&quot;:[&quot;desktop&quot;,&quot;tablet&quot;]}]}\">\n\t\t\t\t\t\t<div class=\"elementor-container elementor-column-gap-default\">\n\t\t\t\t\t<div class=\"elementor-column elementor-col-33 elementor-top-column elementor-element elementor-element-50bd9b44\" data-id=\"50bd9b44\" data-element_type=\"column\" data-e-type=\"column\">\n\t\t\t<div class=\"elementor-widget-wrap elementor-element-populated\">\n\t\t\t\t\t\t<div class=\"elementor-element elementor-element-3819de9b elementor-widget elementor-widget-jet-services\" data-id=\"3819de9b\" data-element_type=\"widget\" data-e-type=\"widget\" data-widget_type=\"jet-services.default\">\n\t\t\t\t<div class=\"elementor-widget-container\">\n\t\t\t\t\t<div class=\"elementor-jet-services jet-elements\"><div class=\"jet-services jet-services--header-position-top\">\n\t<div class=\"jet-services__inner\">\n\t\t\t\t<div class=\"jet-services__header\">\n\t\t\t<div class=\"jet-services__cover\"><div class=\"jet-services__icon\"><div class=\"inner\"><span class=\"jet-elements-icon\"><i aria-hidden=\"true\" class=\"nc-icon-outline users-2_b-meeting\"><\/i><\/span><\/div><\/div><div class=\"jet-services__title\"><span class=\"jet-services__title-text\">Encuentros<\/span><\/div><\/div>\n\t\t<\/div>\n\t\t<div class=\"jet-services__content\"><p class=\"jet-services__desc\">Espacios donde retailers y empresas de servicios comparten visi\u00f3n sobre retos comunes del sector.\nSe comparten aprendizajes, tendencias y experiencias reales.\n\nEstos encuentros permiten:\n\nentender qu\u00e9 preocupa hoy al retail\n\nanticipar decisiones futuras\n\ngenerar relaciones desde el conocimiento<\/p><a class=\"elementor-button elementor-size-md jet-services__button jet-services__button--icon-\" href=\"https:\/\/retailtechconnect.com\/eventos-conexiones\/encuentros\/\"><span class=\"jet-services__button-text\">Info<\/span><\/a><\/div>\n\t\t\t<\/div>\n<\/div>\n<\/div>\t\t\t\t<\/div>\n\t\t\t\t<\/div>\n\t\t\t\t\t<\/div>\n\t\t<\/div>\n\t\t\t\t<div class=\"elementor-column elementor-col-33 elementor-top-column elementor-element elementor-element-4c0afabf\" data-id=\"4c0afabf\" data-element_type=\"column\" data-e-type=\"column\">\n\t\t\t<div class=\"elementor-widget-wrap elementor-element-populated\">\n\t\t\t\t\t\t<div class=\"elementor-element elementor-element-149b0025 elementor-widget elementor-widget-jet-services\" data-id=\"149b0025\" data-element_type=\"widget\" data-e-type=\"widget\" data-widget_type=\"jet-services.default\">\n\t\t\t\t<div class=\"elementor-widget-container\">\n\t\t\t\t\t<div class=\"elementor-jet-services jet-elements\"><div class=\"jet-services jet-services--header-position-top\">\n\t<div class=\"jet-services__inner\">\n\t\t\t\t<div class=\"jet-services__header\">\n\t\t\t<div class=\"jet-services__cover\"><div class=\"jet-services__icon\"><div class=\"inner\"><span class=\"jet-elements-icon\"><i aria-hidden=\"true\" class=\"nc-icon-outline business_bulb-63\"><\/i><\/span><\/div><\/div><div class=\"jet-services__title\"><span class=\"jet-services__title-text\">Mesas de Trabajo<\/span><\/div><\/div>\n\t\t<\/div>\n\t\t<div class=\"jet-services__content\"><p class=\"jet-services__desc\">Formatos m\u00e1s reducidos y cerrados, centrados en un tema concreto.\nAqu\u00ed se trabaja sobre:\n\nretos reales planteados por retailers\n\nposibles enfoques y caminos\n\nexperiencias previas del ecosistema\n\nLas mesas de trabajo no buscan cerrar proyectos, sino madurar decisiones.<\/p><a class=\"elementor-button elementor-size-md jet-services__button jet-services__button--icon-\" href=\"https:\/\/retailtechconnect.com\/eventos-conexiones\/mesas-de-trabajo\/\"><span class=\"jet-services__button-text\">Info<\/span><\/a><\/div>\n\t\t\t<\/div>\n<\/div>\n<\/div>\t\t\t\t<\/div>\n\t\t\t\t<\/div>\n\t\t\t\t\t<\/div>\n\t\t<\/div>\n\t\t\t\t<div class=\"elementor-column elementor-col-33 elementor-top-column elementor-element elementor-element-2fddb624\" data-id=\"2fddb624\" data-element_type=\"column\" data-e-type=\"column\">\n\t\t\t<div class=\"elementor-widget-wrap elementor-element-populated\">\n\t\t\t\t\t\t<div class=\"elementor-element elementor-element-33e03464 elementor-widget elementor-widget-jet-services\" data-id=\"33e03464\" data-element_type=\"widget\" data-e-type=\"widget\" data-widget_type=\"jet-services.default\">\n\t\t\t\t<div class=\"elementor-widget-container\">\n\t\t\t\t\t<div class=\"elementor-jet-services jet-elements\"><div class=\"jet-services jet-services--header-position-top\">\n\t<div class=\"jet-services__inner\">\n\t\t\t\t<div class=\"jet-services__header\">\n\t\t\t<div class=\"jet-services__cover\"><div class=\"jet-services__icon\"><div class=\"inner\"><span class=\"jet-elements-icon\"><i aria-hidden=\"true\" class=\"nc-icon-outline media-1_3d\"><\/i><\/span><\/div><\/div><div class=\"jet-services__title\"><span class=\"jet-services__title-text\">Safaris Retail<\/span><\/div><\/div>\n\t\t<\/div>\n\t\t<div class=\"jet-services__content\"><p class=\"jet-services__desc\">Cuando un retailer indica inter\u00e9s en otros retailers o empresas de servicios, RetailTechConnect puede facilitar conexiones exploratorias que encajan con su contexto.\n\nEstas conexiones: Son limitadas en n\u00famero y parten de un objetivo claro.\n\nSon conversaciones de encaje.<\/p><a class=\"elementor-button elementor-size-md jet-services__button jet-services__button--icon-\" href=\"https:\/\/retailtechconnect.com\/eventos-conexiones\/safaris-retail\/\"><span class=\"jet-services__button-text\">Info<\/span><\/a><\/div>\n\t\t\t<\/div>\n<\/div>\n<\/div>\t\t\t\t<\/div>\n\t\t\t\t<\/div>\n\t\t\t\t\t<\/div>\n\t\t<\/div>\n\t\t\t\t\t<\/div>\n\t\t<\/section>\n\t\t\t\t<\/div>\n\t\t","protected":false},"excerpt":{"rendered":"<p>Nuestros Servicios Donde la conversaci\u00f3n pasa del contenido a la relaci\u00f3n RetailTechConnect no entiende los eventos como escaparates ni las conexiones como oportunidades forzadas.Este espacio existe para crear encuentros \u00fatiles, donde retailers y empresas de servicios puedan hablar desde la realidad del negocio, no desde el pitch. Aqu\u00ed, el valor no est\u00e1 en el volumen [&hellip;]<\/p>\n","protected":false},"author":1,"featured_media":0,"parent":0,"menu_order":4,"comment_status":"closed","ping_status":"closed","template":"elementor_header_footer","meta":{"footnotes":""},"class_list":["post-18938","page","type-page","status-publish","hentry"],"yoast_head":"<!-- This site is optimized with the Yoast SEO plugin v27.4 - https:\/\/yoast.com\/product\/yoast-seo-wordpress\/ -->\n<title>Eventos &amp; Conexiones - RetailTechConnect<\/title>\n<meta name=\"robots\" content=\"index, follow, max-snippet:-1, max-image-preview:large, max-video-preview:-1\" \/>\n<link rel=\"canonical\" href=\"https:\/\/retailtechconnect.com\/en\/eventos-conexiones\/\" \/>\n<meta property=\"og:locale\" content=\"en_GB\" \/>\n<meta property=\"og:type\" content=\"article\" \/>\n<meta property=\"og:title\" content=\"Eventos &amp; Conexiones - RetailTechConnect\" \/>\n<meta property=\"og:description\" content=\"Nuestros Servicios Donde la conversaci\u00f3n pasa del contenido a la relaci\u00f3n RetailTechConnect no entiende los eventos como escaparates ni las conexiones como oportunidades forzadas.Este espacio existe para crear encuentros \u00fatiles, donde retailers y empresas de servicios puedan hablar desde la realidad del negocio, no desde el pitch. Aqu\u00ed, el valor no est\u00e1 en el volumen [&hellip;]\" \/>\n<meta property=\"og:url\" content=\"https:\/\/retailtechconnect.com\/en\/eventos-conexiones\/\" \/>\n<meta property=\"og:site_name\" content=\"RetailTechConnect\" \/>\n<meta property=\"article:modified_time\" content=\"2026-04-01T11:05:34+00:00\" \/>\n<meta name=\"twitter:card\" content=\"summary_large_image\" \/>\n<meta name=\"twitter:label1\" content=\"Estimated reading time\" \/>\n\t<meta name=\"twitter:data1\" content=\"1 minute\" \/>\n<script type=\"application\/ld+json\" class=\"yoast-schema-graph\">{\"@context\":\"https:\\\/\\\/schema.org\",\"@graph\":[{\"@type\":\"WebPage\",\"@id\":\"https:\\\/\\\/retailtechconnect.com\\\/eventos-conexiones\\\/\",\"url\":\"https:\\\/\\\/retailtechconnect.com\\\/eventos-conexiones\\\/\",\"name\":\"Eventos & Conexiones - RetailTechConnect\",\"isPartOf\":{\"@id\":\"https:\\\/\\\/retailtechconnect.com\\\/#website\"},\"datePublished\":\"2026-01-12T08:47:34+00:00\",\"dateModified\":\"2026-04-01T11:05:34+00:00\",\"breadcrumb\":{\"@id\":\"https:\\\/\\\/retailtechconnect.com\\\/eventos-conexiones\\\/#breadcrumb\"},\"inLanguage\":\"en-GB\",\"potentialAction\":[{\"@type\":\"ReadAction\",\"target\":[\"https:\\\/\\\/retailtechconnect.com\\\/eventos-conexiones\\\/\"]}]},{\"@type\":\"BreadcrumbList\",\"@id\":\"https:\\\/\\\/retailtechconnect.com\\\/eventos-conexiones\\\/#breadcrumb\",\"itemListElement\":[{\"@type\":\"ListItem\",\"position\":1,\"name\":\"Portada\",\"item\":\"https:\\\/\\\/retailtechconnect.com\\\/\"},{\"@type\":\"ListItem\",\"position\":2,\"name\":\"Eventos &#038; Conexiones\"}]},{\"@type\":\"WebSite\",\"@id\":\"https:\\\/\\\/retailtechconnect.com\\\/#website\",\"url\":\"https:\\\/\\\/retailtechconnect.com\\\/\",\"name\":\"RetailTechConnect\",\"description\":\"Un espacio para retailers y comercios que quieran avanzar en la era digital\",\"publisher\":{\"@id\":\"https:\\\/\\\/retailtechconnect.com\\\/#organization\"},\"potentialAction\":[{\"@type\":\"SearchAction\",\"target\":{\"@type\":\"EntryPoint\",\"urlTemplate\":\"https:\\\/\\\/retailtechconnect.com\\\/?s={search_term_string}\"},\"query-input\":{\"@type\":\"PropertyValueSpecification\",\"valueRequired\":true,\"valueName\":\"search_term_string\"}}],\"inLanguage\":\"en-GB\"},{\"@type\":\"Organization\",\"@id\":\"https:\\\/\\\/retailtechconnect.com\\\/#organization\",\"name\":\"RetailTechConnect\",\"url\":\"https:\\\/\\\/retailtechconnect.com\\\/\",\"logo\":{\"@type\":\"ImageObject\",\"inLanguage\":\"en-GB\",\"@id\":\"https:\\\/\\\/retailtechconnect.com\\\/#\\\/schema\\\/logo\\\/image\\\/\",\"url\":\"https:\\\/\\\/retailtechconnect.com\\\/wp-content\\\/uploads\\\/2026\\\/01\\\/WhatsApp-Image-2025-12-22-at-11.37.39-2.jpeg\",\"contentUrl\":\"https:\\\/\\\/retailtechconnect.com\\\/wp-content\\\/uploads\\\/2026\\\/01\\\/WhatsApp-Image-2025-12-22-at-11.37.39-2.jpeg\",\"width\":1320,\"height\":616,\"caption\":\"RetailTechConnect\"},\"image\":{\"@id\":\"https:\\\/\\\/retailtechconnect.com\\\/#\\\/schema\\\/logo\\\/image\\\/\"}}]}<\/script>\n<!-- \/ Yoast SEO plugin. -->","yoast_head_json":{"title":"Eventos & Conexiones - RetailTechConnect","robots":{"index":"index","follow":"follow","max-snippet":"max-snippet:-1","max-image-preview":"max-image-preview:large","max-video-preview":"max-video-preview:-1"},"canonical":"https:\/\/retailtechconnect.com\/en\/eventos-conexiones\/","og_locale":"en_GB","og_type":"article","og_title":"Eventos & Conexiones - RetailTechConnect","og_description":"Nuestros Servicios Donde la conversaci\u00f3n pasa del contenido a la relaci\u00f3n RetailTechConnect no entiende los eventos como escaparates ni las conexiones como oportunidades forzadas.Este espacio existe para crear encuentros \u00fatiles, donde retailers y empresas de servicios puedan hablar desde la realidad del negocio, no desde el pitch. Aqu\u00ed, el valor no est\u00e1 en el volumen [&hellip;]","og_url":"https:\/\/retailtechconnect.com\/en\/eventos-conexiones\/","og_site_name":"RetailTechConnect","article_modified_time":"2026-04-01T11:05:34+00:00","twitter_card":"summary_large_image","twitter_misc":{"Estimated reading time":"1 minute"},"schema":{"@context":"https:\/\/schema.org","@graph":[{"@type":"WebPage","@id":"https:\/\/retailtechconnect.com\/eventos-conexiones\/","url":"https:\/\/retailtechconnect.com\/eventos-conexiones\/","name":"Eventos & Conexiones - RetailTechConnect","isPartOf":{"@id":"https:\/\/retailtechconnect.com\/#website"},"datePublished":"2026-01-12T08:47:34+00:00","dateModified":"2026-04-01T11:05:34+00:00","breadcrumb":{"@id":"https:\/\/retailtechconnect.com\/eventos-conexiones\/#breadcrumb"},"inLanguage":"en-GB","potentialAction":[{"@type":"ReadAction","target":["https:\/\/retailtechconnect.com\/eventos-conexiones\/"]}]},{"@type":"BreadcrumbList","@id":"https:\/\/retailtechconnect.com\/eventos-conexiones\/#breadcrumb","itemListElement":[{"@type":"ListItem","position":1,"name":"Portada","item":"https:\/\/retailtechconnect.com\/"},{"@type":"ListItem","position":2,"name":"Eventos &#038; Conexiones"}]},{"@type":"WebSite","@id":"https:\/\/retailtechconnect.com\/#website","url":"https:\/\/retailtechconnect.com\/","name":"RetailTechConnect","description":"A space for retailers and businesses that want to move forward in the digital age.","publisher":{"@id":"https:\/\/retailtechconnect.com\/#organization"},"potentialAction":[{"@type":"SearchAction","target":{"@type":"EntryPoint","urlTemplate":"https:\/\/retailtechconnect.com\/?s={search_term_string}"},"query-input":{"@type":"PropertyValueSpecification","valueRequired":true,"valueName":"search_term_string"}}],"inLanguage":"en-GB"},{"@type":"Organization","@id":"https:\/\/retailtechconnect.com\/#organization","name":"RetailTechConnect","url":"https:\/\/retailtechconnect.com\/","logo":{"@type":"ImageObject","inLanguage":"en-GB","@id":"https:\/\/retailtechconnect.com\/#\/schema\/logo\/image\/","url":"https:\/\/retailtechconnect.com\/wp-content\/uploads\/2026\/01\/WhatsApp-Image-2025-12-22-at-11.37.39-2.jpeg","contentUrl":"https:\/\/retailtechconnect.com\/wp-content\/uploads\/2026\/01\/WhatsApp-Image-2025-12-22-at-11.37.39-2.jpeg","width":1320,"height":616,"caption":"RetailTechConnect"},"image":{"@id":"https:\/\/retailtechconnect.com\/#\/schema\/logo\/image\/"}}]}},"jetpack_sharing_enabled":true,"_links":{"self":[{"href":"https:\/\/retailtechconnect.com\/en\/wp-json\/wp\/v2\/pages\/18938","targetHints":{"allow":["GET"]}}],"collection":[{"href":"https:\/\/retailtechconnect.com\/en\/wp-json\/wp\/v2\/pages"}],"about":[{"href":"https:\/\/retailtechconnect.com\/en\/wp-json\/wp\/v2\/types\/page"}],"author":[{"embeddable":true,"href":"https:\/\/retailtechconnect.com\/en\/wp-json\/wp\/v2\/users\/1"}],"replies":[{"embeddable":true,"href":"https:\/\/retailtechconnect.com\/en\/wp-json\/wp\/v2\/comments?post=18938"}],"version-history":[{"count":28,"href":"https:\/\/retailtechconnect.com\/en\/wp-json\/wp\/v2\/pages\/18938\/revisions"}],"predecessor-version":[{"id":19645,"href":"https:\/\/retailtechconnect.com\/en\/wp-json\/wp\/v2\/pages\/18938\/revisions\/19645"}],"wp:attachment":[{"href":"https:\/\/retailtechconnect.com\/en\/wp-json\/wp\/v2\/media?parent=18938"}],"curies":[{"name":"wp","href":"https:\/\/api.w.org\/{rel}","templated":true}]}}